{"id":4390,"date":"2017-07-12T11:36:27","date_gmt":"2017-07-12T10:36:27","guid":{"rendered":"http:\/\/www.relax-rodinne-centrum.cz\/?page_id=4390"},"modified":"2025-09-10T19:53:55","modified_gmt":"2025-09-10T18:53:55","slug":"krouzky-pro-deti","status":"publish","type":"page","link":"https:\/\/www.relax-rodinne-centrum.cz\/?page_id=4390","title":{"rendered":"Krou\u017eky pro d\u011bti"},"content":{"rendered":"<p>Klub\u00ed\u010dko<\/p>\n<p>Krte\u010dek<\/p>\n<p>Kr\u016f\u010dky<\/p>\n<p>Kr\u016f\u010dky II<\/p>\n<p>Kr\u016f\u010dky III<\/p>\n<p>Pro jak\u00e9koliv dotazy ohledn\u00e9 cvi\u010den\u00ed d\u011bt\u00ed pros\u00edm kontaktujte lektorku na tel: 727 861 838 nebo na email janasarovcova@gmail.com<\/p>\n","protected":false},"excerpt":{"rendered":"<p>Klub\u00ed\u010dko Krte\u010dek Kr\u016f\u010dky Kr\u016f\u010dky II Kr\u016f\u010dky III Pro jak\u00e9koliv dotazy ohledn\u00e9 cvi\u010den\u00ed d\u011bt\u00ed pros\u00edm kontaktujte lektorku na tel: 727 861 838 nebo na email janasarovcova@gmail.com<\/p>\n","protected":false},"author":2,"featured_media":0,"parent":0,"menu_order":0,"comment_status":"closed","ping_status":"closed","template":"","meta":{"footnotes":""},"_links":{"self":[{"href":"https:\/\/www.relax-rodinne-centrum.cz\/index.php?rest_route=\/wp\/v2\/pages\/4390"}],"collection":[{"href":"https:\/\/www.relax-rodinne-centrum.cz\/index.php?rest_route=\/wp\/v2\/pages"}],"about":[{"href":"https:\/\/www.relax-rodinne-centrum.cz\/index.php?rest_route=\/wp\/v2\/types\/page"}],"author":[{"embeddable":true,"href":"https:\/\/www.relax-rodinne-centrum.cz\/index.php?rest_route=\/wp\/v2\/users\/2"}],"replies":[{"embeddable":true,"href":"https:\/\/www.relax-rodinne-centrum.cz\/index.php?rest_route=%2Fwp%2Fv2%2Fcomments&post=4390"}],"version-history":[{"count":5,"href":"https:\/\/www.relax-rodinne-centrum.cz\/index.php?rest_route=\/wp\/v2\/pages\/4390\/revisions"}],"predecessor-version":[{"id":12140,"href":"https:\/\/www.relax-rodinne-centrum.cz\/index.php?rest_route=\/wp\/v2\/pages\/4390\/revisions\/12140"}],"wp:attachment":[{"href":"https:\/\/www.relax-rodinne-centrum.cz\/index.php?rest_route=%2Fwp%2Fv2%2Fmedia&parent=4390"}],"curies":[{"name":"wp","href":"https:\/\/api.w.org\/{rel}","templated":true}]}}