{"id":4386,"date":"2017-07-12T11:32:58","date_gmt":"2017-07-12T10:32:58","guid":{"rendered":"http:\/\/www.relax-rodinne-centrum.cz\/?page_id=4386"},"modified":"2024-01-14T16:25:24","modified_gmt":"2024-01-14T15:25:24","slug":"pronajem-telocvicny","status":"publish","type":"page","link":"https:\/\/www.relax-rodinne-centrum.cz\/?page_id=4386","title":{"rendered":"Pron\u00e1jem t\u011blocvi\u010dny"},"content":{"rendered":"<p>Mo\u017enost pron\u00e1jmu prostor t\u011blocvi\u010dny\u00a0v prostorech <strong>Relax rodinn\u00e9ho centra, ulice M\u00edru 720, Kol\u00edn 2,<\/strong> 280 02 pro maxim\u00e1ln\u011b osm cvi\u010denc\u016f.<\/p>\n<p>Zam\u011b\u0159en\u00e9 pro klidn\u00e9 cvi\u010den\u00ed. J\u00f3ga, m\u00ed\u010de, pilates, zdravotn\u00ed cvi\u010den\u00ed, medita\u010dn\u00ed cvi\u010den\u00ed.<\/p>\n<p><strong>Cena za 1 hodinu pron\u00e1jmu 350 K\u010d.<\/strong><\/p>\n<p><strong>V\u00edce info na 607 830 055, email: relax.rodinne.centrum@gmail.com<\/strong><\/p>\n<p><a href=\"http:\/\/www.relax-rodinne-centrum.cz\/wp-content\/uploads\/2017\/06\/P1130397.jpg\" rel=\"attachment wp-att-4219\"><img fetchpriority=\"high\" decoding=\"async\" class=\"alignnone size-medium wp-image-4219\" src=\"http:\/\/www.relax-rodinne-centrum.cz\/wp-content\/uploads\/2017\/06\/P1130397-300x200.jpg\" alt=\"P1130397\" width=\"300\" height=\"200\" srcset=\"https:\/\/www.relax-rodinne-centrum.cz\/wp-content\/uploads\/2017\/06\/P1130397-300x200.jpg 300w, https:\/\/www.relax-rodinne-centrum.cz\/wp-content\/uploads\/2017\/06\/P1130397-768x512.jpg 768w, https:\/\/www.relax-rodinne-centrum.cz\/wp-content\/uploads\/2017\/06\/P1130397.jpg 1024w\" sizes=\"(max-width: 300px) 100vw, 300px\" \/><\/a><a href=\"http:\/\/www.relax-rodinne-centrum.cz\/wp-content\/uploads\/2017\/06\/P1130396.jpg\" rel=\"attachment wp-att-4218\"><img decoding=\"async\" class=\"alignnone size-medium wp-image-4218\" src=\"http:\/\/www.relax-rodinne-centrum.cz\/wp-content\/uploads\/2017\/06\/P1130396-300x200.jpg\" alt=\"P1130396\" width=\"300\" height=\"200\" srcset=\"https:\/\/www.relax-rodinne-centrum.cz\/wp-content\/uploads\/2017\/06\/P1130396-300x200.jpg 300w, https:\/\/www.relax-rodinne-centrum.cz\/wp-content\/uploads\/2017\/06\/P1130396-768x512.jpg 768w, https:\/\/www.relax-rodinne-centrum.cz\/wp-content\/uploads\/2017\/06\/P1130396.jpg 1024w\" sizes=\"(max-width: 300px) 100vw, 300px\" \/><\/a><a href=\"http:\/\/www.relax-rodinne-centrum.cz\/wp-content\/uploads\/2017\/06\/P1130395.jpg\" rel=\"attachment wp-att-4217\"><img decoding=\"async\" class=\"alignnone size-medium wp-image-4217\" src=\"http:\/\/www.relax-rodinne-centrum.cz\/wp-content\/uploads\/2017\/06\/P1130395-300x200.jpg\" alt=\"P1130395\" width=\"300\" height=\"200\" srcset=\"https:\/\/www.relax-rodinne-centrum.cz\/wp-content\/uploads\/2017\/06\/P1130395-300x200.jpg 300w, https:\/\/www.relax-rodinne-centrum.cz\/wp-content\/uploads\/2017\/06\/P1130395-768x512.jpg 768w, https:\/\/www.relax-rodinne-centrum.cz\/wp-content\/uploads\/2017\/06\/P1130395.jpg 1024w\" sizes=\"(max-width: 300px) 100vw, 300px\" \/><\/a><\/p>\n","protected":false},"excerpt":{"rendered":"<p>Mo\u017enost pron\u00e1jmu prostor t\u011blocvi\u010dny\u00a0v prostorech Relax rodinn\u00e9ho centra, ulice M\u00edru 720, Kol\u00edn 2, 280 02 pro maxim\u00e1ln\u011b osm cvi\u010denc\u016f. Zam\u011b\u0159en\u00e9 pro klidn\u00e9 cvi\u010den\u00ed. J\u00f3ga, m\u00ed\u010de, pilates, zdravotn\u00ed cvi\u010den\u00ed, medita\u010dn\u00ed cvi\u010den\u00ed. Cena za 1 hodinu pron\u00e1jmu 350 K\u010d. V\u00edce info na 607 830 055, email: relax.rodinne.centrum@gmail.com<\/p>\n","protected":false},"author":2,"featured_media":0,"parent":0,"menu_order":0,"comment_status":"closed","ping_status":"closed","template":"","meta":{"footnotes":""},"_links":{"self":[{"href":"https:\/\/www.relax-rodinne-centrum.cz\/index.php?rest_route=\/wp\/v2\/pages\/4386"}],"collection":[{"href":"https:\/\/www.relax-rodinne-centrum.cz\/index.php?rest_route=\/wp\/v2\/pages"}],"about":[{"href":"https:\/\/www.relax-rodinne-centrum.cz\/index.php?rest_route=\/wp\/v2\/types\/page"}],"author":[{"embeddable":true,"href":"https:\/\/www.relax-rodinne-centrum.cz\/index.php?rest_route=\/wp\/v2\/users\/2"}],"replies":[{"embeddable":true,"href":"https:\/\/www.relax-rodinne-centrum.cz\/index.php?rest_route=%2Fwp%2Fv2%2Fcomments&post=4386"}],"version-history":[{"count":6,"href":"https:\/\/www.relax-rodinne-centrum.cz\/index.php?rest_route=\/wp\/v2\/pages\/4386\/revisions"}],"predecessor-version":[{"id":12019,"href":"https:\/\/www.relax-rodinne-centrum.cz\/index.php?rest_route=\/wp\/v2\/pages\/4386\/revisions\/12019"}],"wp:attachment":[{"href":"https:\/\/www.relax-rodinne-centrum.cz\/index.php?rest_route=%2Fwp%2Fv2%2Fmedia&parent=4386"}],"curies":[{"name":"wp","href":"https:\/\/api.w.org\/{rel}","templated":true}]}}