{"id":4013,"date":"2017-06-06T17:46:18","date_gmt":"2017-06-06T16:46:18","guid":{"rendered":"http:\/\/www.relax-rodinne-centrum.cz\/?page_id=4013"},"modified":"2024-04-01T08:13:24","modified_gmt":"2024-04-01T07:13:24","slug":"individualni-cviceni","status":"publish","type":"page","link":"https:\/\/www.relax-rodinne-centrum.cz\/?page_id=4013","title":{"rendered":"Individu\u00e1ln\u00ed cvi\u010den\u00ed"},"content":{"rendered":"<p><a href=\"http:\/\/www.relax-rodinne-centrum.cz\/wp-content\/uploads\/2017\/06\/girl-exercising-3-animated.gif\" rel=\"attachment wp-att-4014\"><img decoding=\"async\" class=\"alignnone wp-image-4014 aligncenter\" src=\"http:\/\/www.relax-rodinne-centrum.cz\/wp-content\/uploads\/2017\/06\/girl-exercising-3-animated-295x300.gif\" alt=\"girl-exercising-3-animated\" width=\"103\" height=\"105\" \/><\/a><\/p>\n<p><strong>Individu\u00e1ln\u00ed cvi\u010den\u00ed v\u00e1m pom\u016f\u017ee:<\/strong><\/p>\n<ul>\n<li>\u00faleva od bolesti zad<\/li>\n<li>pos\u00edlen\u00ed, prota\u017een\u00ed a zpevn\u011bn\u00ed ochabl\u00fdch sval\u016f<\/li>\n<li>spr\u00e1vn\u00e9 dr\u017een\u00ed t\u011bla<\/li>\n<li>vyhnut\u00ed se operac\u00edm, kde je\u0161t\u011b nen\u00ed pozd\u011b<\/li>\n<li>rychlej\u0161\u00ed n\u00e1vrat do b\u011b\u017en\u00e9ho \u017eivota po operac\u00edch pohybov\u00e9ho apar\u00e1tu<\/li>\n<li>p\u0159edch\u00e1zen\u00ed a pomoc proti inkontinenci<\/li>\n<li>cvi\u010den\u00ed pro usnadn\u011bn\u00ed po\u010det\u00ed pomoc\u00ed metody L. Moj\u017e\u00ed\u0161ov\u00e9<\/li>\n<\/ul>\n<p>Cena jedn\u00e9 lekce 600 k\u010d\u00a0 \u00a0 \u00a0 \u00a0 \u00a0 \u00a0 50 min.<\/p>\n<p><img decoding=\"async\" class=\"alignnone size-full wp-image-4015 aligncenter\" src=\"http:\/\/www.relax-rodinne-centrum.cz\/wp-content\/uploads\/2017\/06\/giphy.gif\" alt=\"giphy\" width=\"200\" height=\"200\" \/><\/p>\n","protected":false},"excerpt":{"rendered":"<p>Individu\u00e1ln\u00ed cvi\u010den\u00ed v\u00e1m pom\u016f\u017ee: \u00faleva od bolesti zad pos\u00edlen\u00ed, prota\u017een\u00ed a zpevn\u011bn\u00ed ochabl\u00fdch sval\u016f spr\u00e1vn\u00e9 dr\u017een\u00ed t\u011bla vyhnut\u00ed se operac\u00edm, kde je\u0161t\u011b nen\u00ed pozd\u011b rychlej\u0161\u00ed n\u00e1vrat do b\u011b\u017en\u00e9ho \u017eivota po operac\u00edch pohybov\u00e9ho apar\u00e1tu p\u0159edch\u00e1zen\u00ed a pomoc proti inkontinenci cvi\u010den\u00ed pro usnadn\u011bn\u00ed po\u010det\u00ed pomoc\u00ed metody L. Moj\u017e\u00ed\u0161ov\u00e9 Cena jedn\u00e9 lekce 600 k\u010d\u00a0 \u00a0 \u00a0 \u00a0 \u00a0 &hellip; <a href=\"https:\/\/www.relax-rodinne-centrum.cz\/?page_id=4013\" class=\"more-link\">Pokra\u010dov\u00e1n\u00ed textu <span class=\"screen-reader-text\">Individu\u00e1ln\u00ed cvi\u010den\u00ed<\/span> <span class=\"meta-nav\">&rarr;<\/span><\/a><\/p>\n","protected":false},"author":2,"featured_media":0,"parent":0,"menu_order":0,"comment_status":"closed","ping_status":"closed","template":"","meta":{"footnotes":""},"_links":{"self":[{"href":"https:\/\/www.relax-rodinne-centrum.cz\/index.php?rest_route=\/wp\/v2\/pages\/4013"}],"collection":[{"href":"https:\/\/www.relax-rodinne-centrum.cz\/index.php?rest_route=\/wp\/v2\/pages"}],"about":[{"href":"https:\/\/www.relax-rodinne-centrum.cz\/index.php?rest_route=\/wp\/v2\/types\/page"}],"author":[{"embeddable":true,"href":"https:\/\/www.relax-rodinne-centrum.cz\/index.php?rest_route=\/wp\/v2\/users\/2"}],"replies":[{"embeddable":true,"href":"https:\/\/www.relax-rodinne-centrum.cz\/index.php?rest_route=%2Fwp%2Fv2%2Fcomments&post=4013"}],"version-history":[{"count":7,"href":"https:\/\/www.relax-rodinne-centrum.cz\/index.php?rest_route=\/wp\/v2\/pages\/4013\/revisions"}],"predecessor-version":[{"id":12083,"href":"https:\/\/www.relax-rodinne-centrum.cz\/index.php?rest_route=\/wp\/v2\/pages\/4013\/revisions\/12083"}],"wp:attachment":[{"href":"https:\/\/www.relax-rodinne-centrum.cz\/index.php?rest_route=%2Fwp%2Fv2%2Fmedia&parent=4013"}],"curies":[{"name":"wp","href":"https:\/\/api.w.org\/{rel}","templated":true}]}}