{"id":3217,"date":"2017-03-21T22:18:05","date_gmt":"2017-03-21T21:18:05","guid":{"rendered":"http:\/\/www.relax-rodinne-centrum.cz\/?page_id=3217"},"modified":"2021-08-24T21:25:30","modified_gmt":"2021-08-24T20:25:30","slug":"pro-tehotne","status":"publish","type":"page","link":"https:\/\/www.relax-rodinne-centrum.cz\/?page_id=3217","title":{"rendered":"Jemn\u00e9 mas\u00e1\u017ee pro t\u011bhotn\u00e9"},"content":{"rendered":"<p>&nbsp;<\/p>\n<p style=\"text-align: center;\"><a href=\"http:\/\/www.relax-rodinne-centrum.cz\/wp-content\/uploads\/2017\/03\/tehotne.jpg\" rel=\"attachment wp-att-3218\"><img decoding=\"async\" class=\"alignnone wp-image-3218\" src=\"http:\/\/www.relax-rodinne-centrum.cz\/wp-content\/uploads\/2017\/03\/tehotne-300x168.jpg\" alt=\"tehotne\" width=\"255\" height=\"143\" srcset=\"https:\/\/www.relax-rodinne-centrum.cz\/wp-content\/uploads\/2017\/03\/tehotne-300x168.jpg 300w, https:\/\/www.relax-rodinne-centrum.cz\/wp-content\/uploads\/2017\/03\/tehotne.jpg 400w\" sizes=\"(max-width: 255px) 100vw, 255px\" \/><\/a><\/p>\n<p>Velmi p\u0159\u00edjemn\u00e1 relaxa\u010dn\u00ed metoda pro nast\u00e1vaj\u00edc\u00ed maminky typu jemn\u00e1 energetick\u00e1 mas\u00e1\u017e.<\/p>\n<p>Prob\u00edh\u00e1 na leh\u00e1tku v\u00a0oble\u010den\u00ed<\/p>\n<p>Cena : 400 K\u010d \/ 45 minut<\/p>\n<p>P\u0159inese V\u00e1m:<\/p>\n<p>&#8211;\u00a0\u00a0\u00a0\u00a0\u00a0\u00a0\u00a0\u00a0\u00a0 Celkovou relaxaci<\/p>\n<p>&#8211;\u00a0\u00a0\u00a0\u00a0\u00a0\u00a0\u00a0\u00a0\u00a0 Vnit\u0159n\u00ed rovnov\u00e1hu<\/p>\n<p>&#8211;\u00a0\u00a0\u00a0\u00a0\u00a0\u00a0\u00a0\u00a0\u00a0 Zm\u00edrn\u011bn\u00ed nadm\u011brn\u00fdch strach\u016f a obav z\u00a0porodu<\/p>\n<p>&#8211;\u00a0\u00a0\u00a0\u00a0\u00a0\u00a0\u00a0\u00a0\u00a0 harmonizace fyzick\u00e1 a du\u0161evn\u00ed<\/p>\n<p>&#8211;\u00a0\u00a0\u00a0\u00a0\u00a0\u00a0\u00a0\u00a0\u00a0 pozitivn\u00ed p\u016fsoben\u00ed na hormon\u00e1ln\u00ed syst\u00e9m<\/p>\n<p>Nen\u00ed n\u00e1hradou za l\u00e9ka\u0159skou p\u00e9\u010di<\/p>\n","protected":false},"excerpt":{"rendered":"<p>&nbsp; Velmi p\u0159\u00edjemn\u00e1 relaxa\u010dn\u00ed metoda pro nast\u00e1vaj\u00edc\u00ed maminky typu jemn\u00e1 energetick\u00e1 mas\u00e1\u017e. Prob\u00edh\u00e1 na leh\u00e1tku v\u00a0oble\u010den\u00ed Cena : 400 K\u010d \/ 45 minut P\u0159inese V\u00e1m: &#8211;\u00a0\u00a0\u00a0\u00a0\u00a0\u00a0\u00a0\u00a0\u00a0 Celkovou relaxaci &#8211;\u00a0\u00a0\u00a0\u00a0\u00a0\u00a0\u00a0\u00a0\u00a0 Vnit\u0159n\u00ed rovnov\u00e1hu &#8211;\u00a0\u00a0\u00a0\u00a0\u00a0\u00a0\u00a0\u00a0\u00a0 Zm\u00edrn\u011bn\u00ed nadm\u011brn\u00fdch strach\u016f a obav z\u00a0porodu &#8211;\u00a0\u00a0\u00a0\u00a0\u00a0\u00a0\u00a0\u00a0\u00a0 harmonizace fyzick\u00e1 a du\u0161evn\u00ed &#8211;\u00a0\u00a0\u00a0\u00a0\u00a0\u00a0\u00a0\u00a0\u00a0 pozitivn\u00ed p\u016fsoben\u00ed na hormon\u00e1ln\u00ed syst\u00e9m Nen\u00ed n\u00e1hradou za l\u00e9ka\u0159skou p\u00e9\u010di<\/p>\n","protected":false},"author":2,"featured_media":0,"parent":0,"menu_order":0,"comment_status":"closed","ping_status":"closed","template":"","meta":{"footnotes":""},"_links":{"self":[{"href":"https:\/\/www.relax-rodinne-centrum.cz\/index.php?rest_route=\/wp\/v2\/pages\/3217"}],"collection":[{"href":"https:\/\/www.relax-rodinne-centrum.cz\/index.php?rest_route=\/wp\/v2\/pages"}],"about":[{"href":"https:\/\/www.relax-rodinne-centrum.cz\/index.php?rest_route=\/wp\/v2\/types\/page"}],"author":[{"embeddable":true,"href":"https:\/\/www.relax-rodinne-centrum.cz\/index.php?rest_route=\/wp\/v2\/users\/2"}],"replies":[{"embeddable":true,"href":"https:\/\/www.relax-rodinne-centrum.cz\/index.php?rest_route=%2Fwp%2Fv2%2Fcomments&post=3217"}],"version-history":[{"count":2,"href":"https:\/\/www.relax-rodinne-centrum.cz\/index.php?rest_route=\/wp\/v2\/pages\/3217\/revisions"}],"predecessor-version":[{"id":3221,"href":"https:\/\/www.relax-rodinne-centrum.cz\/index.php?rest_route=\/wp\/v2\/pages\/3217\/revisions\/3221"}],"wp:attachment":[{"href":"https:\/\/www.relax-rodinne-centrum.cz\/index.php?rest_route=%2Fwp%2Fv2%2Fmedia&parent=3217"}],"curies":[{"name":"wp","href":"https:\/\/api.w.org\/{rel}","templated":true}]}}