{"id":2555,"date":"2016-04-28T21:39:38","date_gmt":"2016-04-28T20:39:38","guid":{"rendered":"http:\/\/www.relax-rodinne-centrum.cz\/?page_id=2555"},"modified":"2016-04-28T21:39:38","modified_gmt":"2016-04-28T20:39:38","slug":"detoxikace-organismu-zadrzovani-vody-v-tele","status":"publish","type":"page","link":"https:\/\/www.relax-rodinne-centrum.cz\/?page_id=2555","title":{"rendered":"Detoxikace organismu &#8211; zadr\u017eov\u00e1n\u00ed vody v t\u011bl\u011b"},"content":{"rendered":"","protected":false},"excerpt":{"rendered":"","protected":false},"author":2,"featured_media":0,"parent":0,"menu_order":0,"comment_status":"closed","ping_status":"closed","template":"","meta":{"footnotes":""},"_links":{"self":[{"href":"https:\/\/www.relax-rodinne-centrum.cz\/index.php?rest_route=\/wp\/v2\/pages\/2555"}],"collection":[{"href":"https:\/\/www.relax-rodinne-centrum.cz\/index.php?rest_route=\/wp\/v2\/pages"}],"about":[{"href":"https:\/\/www.relax-rodinne-centrum.cz\/index.php?rest_route=\/wp\/v2\/types\/page"}],"author":[{"embeddable":true,"href":"https:\/\/www.relax-rodinne-centrum.cz\/index.php?rest_route=\/wp\/v2\/users\/2"}],"replies":[{"embeddable":true,"href":"https:\/\/www.relax-rodinne-centrum.cz\/index.php?rest_route=%2Fwp%2Fv2%2Fcomments&post=2555"}],"version-history":[{"count":1,"href":"https:\/\/www.relax-rodinne-centrum.cz\/index.php?rest_route=\/wp\/v2\/pages\/2555\/revisions"}],"predecessor-version":[{"id":2556,"href":"https:\/\/www.relax-rodinne-centrum.cz\/index.php?rest_route=\/wp\/v2\/pages\/2555\/revisions\/2556"}],"wp:attachment":[{"href":"https:\/\/www.relax-rodinne-centrum.cz\/index.php?rest_route=%2Fwp%2Fv2%2Fmedia&parent=2555"}],"curies":[{"name":"wp","href":"https:\/\/api.w.org\/{rel}","templated":true}]}}