{"id":2007,"date":"2015-10-20T20:32:37","date_gmt":"2015-10-20T19:32:37","guid":{"rendered":"http:\/\/www.relax-rodinne-centrum.cz\/?page_id=2007"},"modified":"2015-10-20T20:39:22","modified_gmt":"2015-10-20T19:39:22","slug":"sucha-uhlicita-koupel","status":"publish","type":"page","link":"https:\/\/www.relax-rodinne-centrum.cz\/?page_id=2007","title":{"rendered":"Such\u00e1 uhli\u010dit\u00e1 koupel"},"content":{"rendered":"<p><a href=\"http:\/\/www.relax-rodinne-centrum.cz\/wp-content\/uploads\/2015\/10\/co2.jpg\"><img decoding=\"async\" class=\"  wp-image-2011 aligncenter\" src=\"http:\/\/www.relax-rodinne-centrum.cz\/wp-content\/uploads\/2015\/10\/co2-300x233.jpg\" alt=\"co2\" width=\"104\" height=\"81\" srcset=\"https:\/\/www.relax-rodinne-centrum.cz\/wp-content\/uploads\/2015\/10\/co2-300x233.jpg 300w, https:\/\/www.relax-rodinne-centrum.cz\/wp-content\/uploads\/2015\/10\/co2.jpg 400w\" sizes=\"(max-width: 104px) 100vw, 104px\" \/><\/a><\/p>\n<p><span style=\"font-family: Helvetica; font-size: 12pt;\"><strong>CO2<\/strong><\/span><\/p>\n<p><span style=\"font-family: Helvetica; font-size: 12pt;\"><i>Podstatou procedury je uzav\u0159en\u00ed t\u011bla (mimo hlavy) do speci\u00e1ln\u00edho plastikov\u00e9ho vaku, pln\u011bn\u00e9ho \u010dist\u00fdm oxidem uhli\u010dit\u00fdm. Z\u00e1kladn\u00ed fyziologickou reakc\u00ed na tento podn\u011bt je roz\u0161\u00ed\u0159en\u00ed c\u00e9v a\u017e po vl\u00e1se\u010dnice se sou\u010dasn\u00fdm zv\u00fd\u0161en\u00edm transportu kysl\u00edku v krvi.<\/i><\/span><\/p>\n<p><span style=\"font-family: Helvetica; font-size: 12pt;\"><i>To m\u00e1 za n\u00e1sledek prokrven\u00ed poko\u017eky, svalstva a v\u0161ech t\u011blesn\u00fdch org\u00e1n\u016f, v\u010detn\u011b \u017el\u00e1z a mozku dob\u0159e okysli\u010denou krv\u00ed. D\u016fsledkem je zlep\u0161en\u00e1 \u010dinnost v\u0161ech t\u011blesn\u00fdch org\u00e1n\u016f a \u017el\u00e1z, co\u017e vede k v\u0161eobecn\u00e9mu pos\u00edlen\u00ed organismu a povzbuzen\u00ed imunitn\u00edho syst\u00e9mu.<\/i><\/span><\/p>\n<p><span style=\"font-family: Helvetica; font-size: 12pt;\"><i>12 hodin po procedu\u0159e se dopouru\u010duje se nesprchovat, nemazat kr\u00e9my a ani jin\u00fdmi p\u0159\u00edpravky. Doporu\u010duje se dostatek tekutin (voda,\u010daj) ne alkohol. Doporu\u010duje se absolvovat 10 procedur v\u00a0co nekrat\u0161\u00ed dob\u011b za sebou (minim\u00e1ln\u011b 3x t\u00fddnn\u011b). M\u016f\u017ee se absolvovat ka\u017ed\u00fd den.\u00a0<\/i><i>Procedura se doporu\u010duje opakovat 2x do roka. Nejl\u00e9pe na ja\u0159e a na podzim.<\/i><\/span><\/p>\n<p><span style=\"font-family: Helvetica; font-size: 12pt;\"><i><span style=\"text-decoration: underline;\"><b>Indikace:<\/b><\/span><\/i><\/span><\/p>\n<p><span style=\"font-family: Helvetica; font-size: 12pt;\"><i><b>C\u00e9vn\u00ed syst\u00e9m<\/b><\/i><i><b> \u00a0<\/b><\/i><\/span><\/p>\n<ul>\n<li><span style=\"font-family: Helvetica; font-size: 12pt;\"><i>celkov\u00e9 zpru\u017een\u00ed c\u00e9v, \u017eil, vl\u00e1se\u010dnic<\/i><\/span><\/li>\n<li><span style=\"font-family: Helvetica; font-size: 12pt;\"><i>potla\u010den\u00ed tvorby k\u0159e\u010dov\u00fdch \u017eil<\/i><\/span><\/li>\n<li><span style=\"font-family: Helvetica; font-size: 12pt;\"><i>zlep\u0161en\u00ed prokrven\u00ed horn\u00edch a doln\u00edch kon\u010detin<\/i><\/span><\/li>\n<li><span style=\"font-family: Helvetica; font-size: 12pt;\"><i>potla\u010den\u00ed n\u00e1sledku roztrou\u0161en\u00e9 skler\u00f3zy<\/i><\/span><\/li>\n<li><span style=\"font-family: Helvetica; font-size: 12pt;\"><i>zlep\u0161eni prokrven\u00ed mozku<\/i><\/span><\/li>\n<\/ul>\n<p><span style=\"font-family: Helvetica; font-size: 12pt;\"><i><b>Srdce<\/b><\/i><\/span><\/p>\n<ul>\n<li><span style=\"font-family: Helvetica; font-size: 12pt;\"><i>zlep\u0161en\u00ed prokrven\u00ed srdce (stav po infarktu myokardu, ang\u00edna pectoris)<\/i><\/span><\/li>\n<li><span style=\"font-family: Helvetica; font-size: 12pt;\"><i>sn\u00ed\u017een\u00ed hodnoty vysok\u00e9ho krevn\u00edho tlaku<\/i><\/span><\/li>\n<li><span style=\"font-family: Helvetica; font-size: 12pt;\"><i>odleh\u010den\u00ed tlakov\u00e9ho v\u00fdkonu srde\u010dn\u00edho svalu<\/i><\/span><\/li>\n<\/ul>\n<p><span style=\"font-family: Helvetica; font-size: 12pt;\"><i><b>Hormon\u00e1ln\u00ed syst\u00e9m<\/b><\/i><\/span><\/p>\n<ul>\n<li><span style=\"font-family: Helvetica; font-size: 12pt;\"><i>zv\u00fd\u0161ena produkce hormonu v\u010detn\u011b sexu\u00e1ln\u00edch<\/i><\/span><\/li>\n<li><span style=\"font-family: Helvetica; font-size: 12pt;\"><i>potla\u010den\u00ed klimaktern\u00edch pot\u00ed\u017e\u00ed<\/i><\/span><\/li>\n<li><span style=\"font-family: Helvetica; font-size: 12pt;\"><i>potla\u010den\u00ed bolesti p\u0159i menstruaci \u2013 \u00faprava nepravideln\u00e9ho menstrua\u010dn\u00edho cyklu<\/i><\/span><\/li>\n<li><span style=\"font-family: Helvetica; font-size: 12pt;\"><i>mo\u017en\u00e9 odstran\u011bn\u00ed sterility<\/i><\/span><\/li>\n<\/ul>\n<p><span style=\"font-family: Helvetica; font-size: 12pt;\"><i><b>Nervov\u00fd syst\u00e9m<\/b><\/i><\/span><\/p>\n<ul>\n<li><span style=\"font-family: Helvetica; font-size: 12pt;\"><i>pos\u00edlen\u00ed nervov\u00e9ho syst\u00e9mu<\/i><\/span><\/li>\n<li><span style=\"font-family: Helvetica; font-size: 12pt;\"><i>odstran\u011bn\u00ed neur\u00f3z (deprese, stav vy\u010derp\u00e1n\u00ed, nespavost, migr\u00e9ny, d\u00fdch\u00e1n\u00ed, srde\u010dn\u00ed \u010dinnosti, ledvin a jater]<\/i><\/span><\/li>\n<li><span style=\"font-family: Helvetica; font-size: 12pt;\"><i>celkov\u00e9 pos\u00edlen\u00ed imunitn\u00edho syst\u00e9mu<\/i><\/span><\/li>\n<\/ul>\n<p><span style=\"font-family: Helvetica; font-size: 12pt;\"><i><b>Svalstvo \u2013 kostra<\/b><\/i><\/span><\/p>\n<ul>\n<li><span style=\"font-family: Helvetica; font-size: 12pt;\"><i>odstran\u011bn\u00ed lymfatick\u00fdch otoku<\/i><\/span><\/li>\n<li><span style=\"font-family: Helvetica; font-size: 12pt;\"><i>potla\u010den\u00ed revmatick\u00fdch obt\u00ed\u017e\u00ed<\/i><\/span><\/li>\n<li><span style=\"font-family: Helvetica; font-size: 12pt;\"><i>potla\u010den\u00ed osteropor\u00f3zy (\u0159idnut\u00ed kost\u00ed)<\/i><\/span><\/li>\n<\/ul>\n<p><span style=\"font-family: Helvetica; font-size: 12pt;\"><i><b>Poko\u017eka<\/b><\/i><\/span><\/p>\n<ul>\n<li><span style=\"font-family: Helvetica; font-size: 12pt;\"><i>celkov\u00e9 zjemn\u011bn\u00ed a zvl\u00e1\u010dn\u011bn\u00ed poko\u017eky<\/i><\/span><\/li>\n<li><span style=\"font-family: Helvetica; font-size: 12pt;\"><i>tlumen\u00ed hyperpigmentace, sta\u0159eck\u00fdch bradavic<\/i><\/span><\/li>\n<li><span style=\"font-family: Helvetica; font-size: 12pt;\"><i>potla\u010deni celulitidy<\/i><\/span><\/li>\n<li><span style=\"font-family: Helvetica; font-size: 12pt;\"><i>hojen\u00ed povrchov\u00fdch poran\u011bn\u00ed a jizev po operaci<\/i><\/span><\/li>\n<li><span style=\"font-family: Helvetica; font-size: 12pt;\"><i>tlumen\u00ed alergi\u00ed v\u010detn\u011b projevu lup\u00e9nky<\/i><\/span><\/li>\n<li><span style=\"font-family: Helvetica; font-size: 12pt;\"><i>hojen\u00ed prole\u017eenin, b\u00e9rcov\u00fdch v\u0159ed\u016f, pop\u00e1lenin<\/i><\/span><\/li>\n<\/ul>\n<p><span style=\"font-family: Helvetica; font-size: 12pt;\">\u00a0<\/span><\/p>\n<p><span style=\"font-family: Helvetica; font-size: 12pt;\"><i><span style=\"text-decoration: underline;\"><b>Kontraindikace:<\/b><\/span><\/i><\/span><\/p>\n<ul>\n<li><span style=\"font-family: Helvetica; font-size: 12pt;\"><i>t\u011b\u017ek\u00e1 anemie a polyglobulie<\/i><\/span><\/li>\n<li><span style=\"font-family: Helvetica; font-size: 12pt;\"><i>t\u011b\u017ek\u00e1 srde\u010dn\u00ed nedostate\u010dnost<\/i><\/span><\/li>\n<li><span style=\"font-family: Helvetica; font-size: 12pt;\"><i>t\u011b\u017ek\u00e1 koron\u00e1rn\u00ed skler\u00f3za<\/i><\/span><\/li>\n<li><span style=\"font-family: Helvetica; font-size: 12pt;\"><i>nebezpe\u010dn\u00e9 stavy krv\u00e1ceni<\/i><\/span><\/li>\n<li><span style=\"font-family: Helvetica; font-size: 12pt;\"><i>hore\u010dnat\u00e9 stavy<\/i><\/span><\/li>\n<\/ul>\n<p><span style=\"font-family: Helvetica; font-size: 12pt;\">\u00a0<\/span><\/p>\n<section><\/section>\n<p>&nbsp;<\/p>\n","protected":false},"excerpt":{"rendered":"<p>CO2 Podstatou procedury je uzav\u0159en\u00ed t\u011bla (mimo hlavy) do speci\u00e1ln\u00edho plastikov\u00e9ho vaku, pln\u011bn\u00e9ho \u010dist\u00fdm oxidem uhli\u010dit\u00fdm. Z\u00e1kladn\u00ed fyziologickou reakc\u00ed na tento podn\u011bt je roz\u0161\u00ed\u0159en\u00ed c\u00e9v a\u017e po vl\u00e1se\u010dnice se sou\u010dasn\u00fdm zv\u00fd\u0161en\u00edm transportu kysl\u00edku v krvi. To m\u00e1 za n\u00e1sledek prokrven\u00ed poko\u017eky, svalstva a v\u0161ech t\u011blesn\u00fdch org\u00e1n\u016f, v\u010detn\u011b \u017el\u00e1z a mozku dob\u0159e okysli\u010denou krv\u00ed. D\u016fsledkem je &hellip; <a href=\"https:\/\/www.relax-rodinne-centrum.cz\/?page_id=2007\" class=\"more-link\">Pokra\u010dov\u00e1n\u00ed textu <span class=\"screen-reader-text\">Such\u00e1 uhli\u010dit\u00e1 koupel<\/span> <span class=\"meta-nav\">&rarr;<\/span><\/a><\/p>\n","protected":false},"author":2,"featured_media":0,"parent":0,"menu_order":0,"comment_status":"closed","ping_status":"closed","template":"","meta":{"footnotes":""},"_links":{"self":[{"href":"https:\/\/www.relax-rodinne-centrum.cz\/index.php?rest_route=\/wp\/v2\/pages\/2007"}],"collection":[{"href":"https:\/\/www.relax-rodinne-centrum.cz\/index.php?rest_route=\/wp\/v2\/pages"}],"about":[{"href":"https:\/\/www.relax-rodinne-centrum.cz\/index.php?rest_route=\/wp\/v2\/types\/page"}],"author":[{"embeddable":true,"href":"https:\/\/www.relax-rodinne-centrum.cz\/index.php?rest_route=\/wp\/v2\/users\/2"}],"replies":[{"embeddable":true,"href":"https:\/\/www.relax-rodinne-centrum.cz\/index.php?rest_route=%2Fwp%2Fv2%2Fcomments&post=2007"}],"version-history":[{"count":2,"href":"https:\/\/www.relax-rodinne-centrum.cz\/index.php?rest_route=\/wp\/v2\/pages\/2007\/revisions"}],"predecessor-version":[{"id":2014,"href":"https:\/\/www.relax-rodinne-centrum.cz\/index.php?rest_route=\/wp\/v2\/pages\/2007\/revisions\/2014"}],"wp:attachment":[{"href":"https:\/\/www.relax-rodinne-centrum.cz\/index.php?rest_route=%2Fwp%2Fv2%2Fmedia&parent=2007"}],"curies":[{"name":"wp","href":"https:\/\/api.w.org\/{rel}","templated":true}]}}