{"id":1994,"date":"2015-10-20T20:14:35","date_gmt":"2015-10-20T19:14:35","guid":{"rendered":"http:\/\/www.relax-rodinne-centrum.cz\/?page_id=1994"},"modified":"2015-10-20T20:19:44","modified_gmt":"2015-10-20T19:19:44","slug":"raselinove-zabaly","status":"publish","type":"page","link":"https:\/\/www.relax-rodinne-centrum.cz\/?page_id=1994","title":{"rendered":"Ra\u0161elinov\u00e9 z\u00e1baly"},"content":{"rendered":"<p><a href=\"http:\/\/www.relax-rodinne-centrum.cz\/wp-content\/uploads\/2015\/10\/raselina.jpg\"><img decoding=\"async\" class=\"  wp-image-1996 aligncenter\" src=\"http:\/\/www.relax-rodinne-centrum.cz\/wp-content\/uploads\/2015\/10\/raselina-300x300.jpg\" alt=\"raselina\" width=\"111\" height=\"111\" srcset=\"https:\/\/www.relax-rodinne-centrum.cz\/wp-content\/uploads\/2015\/10\/raselina-300x300.jpg 300w, https:\/\/www.relax-rodinne-centrum.cz\/wp-content\/uploads\/2015\/10\/raselina-150x150.jpg 150w, https:\/\/www.relax-rodinne-centrum.cz\/wp-content\/uploads\/2015\/10\/raselina.jpg 450w\" sizes=\"(max-width: 111px) 100vw, 111px\" \/><\/a><strong>Jednor\u00e1zov\u00e9 ra\u0161elinov\u00e9 z\u00e1baly<\/strong><\/p>\n<p><span style=\"font-family: Helvetica; font-size: 12pt;\">Jeden z hlavn\u00edch efekt\u016f ra\u0161eliny je jeji tepeln\u00fd efekt.<\/span><\/p>\n<p><span style=\"font-family: Helvetica; font-size: 12pt;\">Sou\u010d\u00e1st\u00ed ra\u0161eliny jsou tak\u00e9 produkty z humifika\u010dn\u00edho procesu, kter\u00e9 se p\u0159i p\u0159\u00edm\u00e9 aplikaci st\u00e1vaj\u00ed sou\u010d\u00e1st\u00ed komplexn\u00edho p\u016fsoben\u00ed poloidy.<\/span><\/p>\n<p><span style=\"font-family: Helvetica; font-size: 12pt;\">Jednor\u00e1zov\u00fd ra\u0161elinov\u00fd z\u00e1bal se doporu\u010duje p\u0159i:<\/span><\/p>\n<p>pom\u00e1haj\u00ed od bolesti<\/p>\n<p>zlep\u0161uj\u00ed pohyblivost<\/p>\n<p>zm\u011bk\u010duj\u00ed vazivo<\/p>\n<p>povzbuzuj\u00ed imunitn\u00ed reakceuvol\u0148uj\u00ed svalov\u00e9 nap\u011bt\u00ed<\/p>\n<p>Artr\u00f3ze, svalov\u00fdch kontraktur\u00e1ch, bolestech kloub\u016f a p\u00e1te\u0159e, celuilitid\u011b.<\/p>\n<p><span style=\"font-family: Helvetica; font-size: 12pt;\">D\u00e1le se doporu\u010duje pro\u00a0zv\u00fd\u0161en\u00ed lok\u00e1ln\u00edho prokrven\u00ed.<\/span><\/p>\n<p><span style=\"font-family: Helvetica; font-size: 12pt;\">Kontraindikace:<\/span><\/p>\n<p><span style=\"font-family: Helvetica; font-size: 12pt;\">Akutn\u00ed z\u00e1n\u011bty mo\u010dov\u00fdch cest, t\u011bhotenstv\u00ed, hore\u010dkov\u00e9 stavy, te\u017e\u0161\u00ed z\u00e1n\u011btliv\u00e1 a jin\u00e1 akutn\u00ed onemocn\u011bn\u00ed k\u016f\u017ee, otev\u0159en\u00e9 poran\u011bn\u00ed k\u016f\u017ee, krv\u00e1cen\u00ed, otoky, alergie na humnov\u00e9 kyseliny.<\/span><\/p>\n<p><span style=\"font-family: Helvetica; font-size: 12pt;\">\u00a0<\/span><\/p>\n<p>&nbsp;<\/p>\n<ul>\n<li><\/li>\n<\/ul>\n","protected":false},"excerpt":{"rendered":"<p>Jednor\u00e1zov\u00e9 ra\u0161elinov\u00e9 z\u00e1baly Jeden z hlavn\u00edch efekt\u016f ra\u0161eliny je jeji tepeln\u00fd efekt. Sou\u010d\u00e1st\u00ed ra\u0161eliny jsou tak\u00e9 produkty z humifika\u010dn\u00edho procesu, kter\u00e9 se p\u0159i p\u0159\u00edm\u00e9 aplikaci st\u00e1vaj\u00ed sou\u010d\u00e1st\u00ed komplexn\u00edho p\u016fsoben\u00ed poloidy. Jednor\u00e1zov\u00fd ra\u0161elinov\u00fd z\u00e1bal se doporu\u010duje p\u0159i: pom\u00e1haj\u00ed od bolesti zlep\u0161uj\u00ed pohyblivost zm\u011bk\u010duj\u00ed vazivo povzbuzuj\u00ed imunitn\u00ed reakceuvol\u0148uj\u00ed svalov\u00e9 nap\u011bt\u00ed Artr\u00f3ze, svalov\u00fdch kontraktur\u00e1ch, bolestech kloub\u016f a p\u00e1te\u0159e, &hellip; <a href=\"https:\/\/www.relax-rodinne-centrum.cz\/?page_id=1994\" class=\"more-link\">Pokra\u010dov\u00e1n\u00ed textu <span class=\"screen-reader-text\">Ra\u0161elinov\u00e9 z\u00e1baly<\/span> <span class=\"meta-nav\">&rarr;<\/span><\/a><\/p>\n","protected":false},"author":2,"featured_media":0,"parent":0,"menu_order":0,"comment_status":"closed","ping_status":"closed","template":"","meta":{"footnotes":""},"_links":{"self":[{"href":"https:\/\/www.relax-rodinne-centrum.cz\/index.php?rest_route=\/wp\/v2\/pages\/1994"}],"collection":[{"href":"https:\/\/www.relax-rodinne-centrum.cz\/index.php?rest_route=\/wp\/v2\/pages"}],"about":[{"href":"https:\/\/www.relax-rodinne-centrum.cz\/index.php?rest_route=\/wp\/v2\/types\/page"}],"author":[{"embeddable":true,"href":"https:\/\/www.relax-rodinne-centrum.cz\/index.php?rest_route=\/wp\/v2\/users\/2"}],"replies":[{"embeddable":true,"href":"https:\/\/www.relax-rodinne-centrum.cz\/index.php?rest_route=%2Fwp%2Fv2%2Fcomments&post=1994"}],"version-history":[{"count":4,"href":"https:\/\/www.relax-rodinne-centrum.cz\/index.php?rest_route=\/wp\/v2\/pages\/1994\/revisions"}],"predecessor-version":[{"id":2000,"href":"https:\/\/www.relax-rodinne-centrum.cz\/index.php?rest_route=\/wp\/v2\/pages\/1994\/revisions\/2000"}],"wp:attachment":[{"href":"https:\/\/www.relax-rodinne-centrum.cz\/index.php?rest_route=%2Fwp%2Fv2%2Fmedia&parent=1994"}],"curies":[{"name":"wp","href":"https:\/\/api.w.org\/{rel}","templated":true}]}}