{"id":1873,"date":"2015-10-17T20:03:45","date_gmt":"2015-10-17T19:03:45","guid":{"rendered":"http:\/\/www.relax-rodinne-centrum.cz\/?page_id=1873"},"modified":"2025-09-08T20:06:05","modified_gmt":"2025-09-08T19:06:05","slug":"hlavni-stranka","status":"publish","type":"page","link":"https:\/\/www.relax-rodinne-centrum.cz\/","title":{"rendered":"Hlavn\u00ed str\u00e1nka"},"content":{"rendered":"\n<p>Mas\u00e1\u017ee<\/p>\n\n\n\n<p>D\u011btsk\u00e9 cvi\u010den\u00ed<\/p>\n\n\n\n<p>Posilovac\u00ed a protahovac\u00ed cvi\u010den\u00ed<\/p>\n\n\n\n<p>Kosmetika<\/p>\n\n\n\n<p> <\/p>\n\n\n\n<p> <\/p>\n","protected":false},"excerpt":{"rendered":"<p>Mas\u00e1\u017ee D\u011btsk\u00e9 cvi\u010den\u00ed Posilovac\u00ed a protahovac\u00ed cvi\u010den\u00ed Kosmetika<\/p>\n","protected":false},"author":2,"featured_media":0,"parent":0,"menu_order":0,"comment_status":"closed","ping_status":"closed","template":"","meta":{"footnotes":""},"_links":{"self":[{"href":"https:\/\/www.relax-rodinne-centrum.cz\/index.php?rest_route=\/wp\/v2\/pages\/1873"}],"collection":[{"href":"https:\/\/www.relax-rodinne-centrum.cz\/index.php?rest_route=\/wp\/v2\/pages"}],"about":[{"href":"https:\/\/www.relax-rodinne-centrum.cz\/index.php?rest_route=\/wp\/v2\/types\/page"}],"author":[{"embeddable":true,"href":"https:\/\/www.relax-rodinne-centrum.cz\/index.php?rest_route=\/wp\/v2\/users\/2"}],"replies":[{"embeddable":true,"href":"https:\/\/www.relax-rodinne-centrum.cz\/index.php?rest_route=%2Fwp%2Fv2%2Fcomments&post=1873"}],"version-history":[{"count":108,"href":"https:\/\/www.relax-rodinne-centrum.cz\/index.php?rest_route=\/wp\/v2\/pages\/1873\/revisions"}],"predecessor-version":[{"id":12127,"href":"https:\/\/www.relax-rodinne-centrum.cz\/index.php?rest_route=\/wp\/v2\/pages\/1873\/revisions\/12127"}],"wp:attachment":[{"href":"https:\/\/www.relax-rodinne-centrum.cz\/index.php?rest_route=%2Fwp%2Fv2%2Fmedia&parent=1873"}],"curies":[{"name":"wp","href":"https:\/\/api.w.org\/{rel}","templated":true}]}}