{"id":1681,"date":"2015-10-07T11:48:48","date_gmt":"2015-10-07T10:48:48","guid":{"rendered":"http:\/\/www.relax-rodinne-centrum.cz\/?page_id=1681"},"modified":"2015-10-20T20:07:15","modified_gmt":"2015-10-20T19:07:15","slug":"manualni-lymfodrenaz","status":"publish","type":"page","link":"https:\/\/www.relax-rodinne-centrum.cz\/?page_id=1681","title":{"rendered":"Manu\u00e1ln\u00ed lymfodren\u00e1\u017e"},"content":{"rendered":"<p><strong><a href=\"https:\/\/www.facebook.com\/pages\/Manu\u00e1ln\u00ed-lymfodren\u00e1\u017e-Manual-lymphatic-drainage\/137161719692988#!\/pages\/Manu\u00e1ln\u00ed-lymfodren\u00e1\u017e-Manual-lymphatic-drainage\/137161719692988?sk=wall\"><span style=\"color: #000000;\"><span style=\"font-family: Arial, sans-serif;\"><span style=\"font-size: small;\">Manu\u00e1ln\u00ed lymfodren\u00e1\u017e\u00a0<\/span><\/span><\/span><\/a><\/strong><\/p>\n<p><span style=\"color: #000000;\"><span style=\"font-family: Arial, sans-serif;\"><span style=\"font-size: small;\">je speci\u00e1ln\u00ed hmatov\u00e1 technika, zam\u011b\u0159en\u00e1 na lymfatick\u00fd syst\u00e9m k\u016f\u017ee a podko\u017e\u00ed ( povrchov\u00fd m\u00edzn\u00ed syst\u00e9m v kon\u010detin\u00e1ch transportuje 80% lymfy). <\/span><\/span><\/span><strong><span style=\"color: #000000;\"><span style=\"font-family: Arial, sans-serif;\"><span style=\"font-size: small;\">Posiluje vst\u0159eb\u00e1vac\u00ed a transportn\u00ed funkci m\u00edzn\u00edho syst\u00e9mu <\/span><\/span><\/span><\/strong><span style=\"color: #000000;\"><span style=\"font-family: Arial, sans-serif;\"><span style=\"font-size: small;\">podporou lymfomotoriky, kontrak\u010dn\u00edch schopnost\u00ed lymfatick\u00fdch c\u00e9v a vnit\u0159n\u00edch pulzn\u00edch mechanism\u016f lymfatick\u00e9ho syst\u00e9mu.<\/span><\/span><\/span><\/p>\n<p><span style=\"color: #000000;\"><span style=\"font-family: Arial, sans-serif;\"><span style=\"font-size: small;\">Prov\u00e1d\u00ed se mal\u00fdm tlakem (30-40mm Hg), pomal\u00fdm tempem a jemnou hmatovou technikou, kter\u00e1 je velmi p\u0159\u00edjemn\u00e1. <\/span><\/span><\/span><strong><span style=\"color: #000000;\"><span style=\"font-family: Arial, sans-serif;\"><span style=\"font-size: small;\">Nem\u016f\u017ee zp\u016fsobit \u017e\u00e1dn\u00e9 bolestiv\u00e9 pocity<\/span><\/span><\/span><\/strong><span style=\"color: #000000;\"><span style=\"font-family: Arial, sans-serif;\"><span style=\"font-size: small;\">, <\/span><\/span><\/span><strong><span style=\"color: #000000;\"><span style=\"font-family: Arial, sans-serif;\"><span style=\"font-size: small;\">nesm\u00ed zv\u00fd\u0161it prokrven\u00ed <\/span><\/span><\/span><\/strong><span style=\"color: #000000;\"><span style=\"font-family: Arial, sans-serif;\"><span style=\"font-size: small;\">o\u0161et\u0159ovan\u00fdch parti\u00ed. Nepou\u017e\u00edvaj\u00ed se p\u0159i n\u00ed \u017e\u00e1dn\u00e9 mas86n9 prost\u0159edky. Postup dren\u00e1\u017ee je nutno zn\u00e1t a bezpodm\u00edne\u010dn\u011b respektovat.<br \/>\nP\u0159edpokladem smyslupln\u00e9ho a bezpe\u010dn\u00e9ho prov\u00e1d\u011bn\u00ed t\u00e9to metody je znalost anatomie a funkce lymfatick\u00e9ho syst\u00e9mu, zejm\u00e9na stavby lymfatick\u00fdch c\u00e9v a pr\u016fb\u011bhu lymfatick\u00e9ho \u0159e\u010di\u0161t\u011b.<\/span><\/span><\/span><\/p>\n<p><strong><span style=\"color: #000000;\"><span style=\"font-family: Arial, sans-serif;\"><span style=\"font-size: small;\">Cirkulace lymfy m\u00e1 z\u00e1sadn\u00ed v\u00fdznam v utv\u00e1\u0159en\u00ed a udr\u017eov\u00e1n\u00ed st\u00e1l\u00e9ho a zdrav\u00e9ho vnit\u0159n\u00edho prost\u0159ed\u00ed organizmu.<\/span><\/span><\/span><\/strong><span style=\"color: #000000;\"><span style=\"font-family: Arial, sans-serif;\"><span style=\"font-size: small;\"><br \/>\n<\/span><\/span><\/span><strong><span style=\"color: #000000;\"><span style=\"font-family: Arial, sans-serif;\"><span style=\"font-size: small;\">Po manu\u00e1ln\u00ed lymfodren\u00e1\u017ei je pot\u0159ebn\u00fd pitn\u00fd re\u017eim<\/span><\/span><\/span><\/strong><span style=\"color: #000000;\"><span style=\"font-family: Arial, sans-serif;\"><span style=\"font-size: small;\">.<\/span><\/span><\/span><\/p>\n<p><strong><span style=\"color: #000000;\"><span style=\"font-family: Arial, sans-serif;\"><span style=\"font-size: small;\">Indikace:<\/span><\/span><\/span><\/strong><\/p>\n<p><strong><span style=\"color: #000000;\"> <span style=\"font-family: Arial, sans-serif;\"><span style=\"font-size: small;\">odstra\u0148ov\u00e1n\u00ed \u0161kodlivin z tk\u00e1n\u00ed, detoxikace organismu<\/span><\/span><\/span><\/strong><\/p>\n<p><span style=\"color: #000000;\"><span style=\"font-family: Arial, sans-serif;\"><span style=\"font-size: small;\">napom\u00e1h\u00e1 regeneraci organismu po nemoci, sportu, \u00farazu, operaci apod.<\/span><\/span><\/span><\/p>\n<p><span style=\"color: #000000;\"> <span style=\"font-family: Arial, sans-serif;\"><span style=\"font-size: small;\">odstra\u0148uje otoky po operac\u00edch, \u00farazech i nejasn\u00e9ho p\u016fvodu<\/span><\/span><\/span><\/p>\n<p><span style=\"color: #000000;\"> <span style=\"font-family: Arial, sans-serif;\"><span style=\"font-size: small;\">posiluje imunitu, obranyschopnost v\u016f\u010di infek\u010dn\u00edm chorob\u00e1m<\/span><\/span><\/span><\/p>\n<p><span style=\"color: #000000;\"> <span style=\"font-family: Arial, sans-serif;\"><span style=\"font-size: small;\">odstra\u0148uje siln\u00e9 pocity \u016fnavy<\/span><\/span><\/span><\/p>\n<p><span style=\"color: #000000;\"> <span style=\"font-family: Arial, sans-serif;\"><span style=\"font-size: small;\">napom\u00e1h\u00e1 prevenci i l\u00e9\u010db\u011b k\u0159e\u010dov\u00fdch \u017eil<\/span><\/span><\/span><\/p>\n<p><span style=\"color: #000000;\"> <span style=\"font-family: Arial, sans-serif;\"><span style=\"font-size: small;\">je sou\u010d\u00e1st\u00ed l\u00e9\u010dby lymfed\u00e9m\u016f, zm\u00edr\u0148uje lymfatick\u00e9 otoky a jimi zp\u016fsoben\u00e9 bolesti<\/span><\/span><\/span><\/p>\n<p><span style=\"color: #000000;\"> <span style=\"font-family: Arial, sans-serif;\"><span style=\"font-size: small;\">odstran\u011bn\u00ed pocitu \u00fanavy a t\u011b\u017ek\u00fdch nohou u osob se zam\u011bstn\u00e1n\u00edm s pot\u0159ebou del\u0161\u00edho stoje, sedu (nap\u0159. prodava\u010dky, u\u010ditel\u00e9, skladn\u00edci, letu\u0161ky, kade\u0159nice, program\u00e1to\u0159i, l\u00e9ka\u0159i atd.)<\/span><\/span><\/span><\/p>\n<p align=\"LEFT\"><span style=\"color: #000000;\"><span style=\"font-family: Arial, sans-serif;\"><span style=\"font-size: small;\">eliminace lymfatick\u00fdch otok\u016f po onkologick\u00fdch operac\u00edch a radioterapii<\/span><\/span><\/span><\/p>\n<p align=\"LEFT\"><span style=\"color: #000000;\"><span style=\"font-family: Arial, sans-serif;\"><span style=\"font-size: small;\">zlep\u0161uje stav poko\u017eky, napom\u00e1h\u00e1 prevenci vr\u00e1sek<\/span><\/span><\/span><\/p>\n<p align=\"LEFT\"><span style=\"color: #000000;\"><span style=\"font-family: Arial, sans-serif;\"><span style=\"font-size: small;\">napom\u00e1h\u00e1 k odstran\u011bn\u00ed celulitidy (pomeran\u010dov\u00e1 k\u016f\u017ee)<\/span><\/span><\/span><\/p>\n<p align=\"LEFT\"><span style=\"color: #000000;\"><span style=\"font-family: Arial, sans-serif;\"><span style=\"font-size: small;\"><strong><span style=\"color: #8b5a43;\"><b>Kontraindikace<\/b><\/span><\/strong><span style=\"color: #8b5a43;\"><b><\/p>\n<p><\/b><\/span><span style=\"color: #5b3222;\">aktivn\u00ed onkologick\u00e1 onemocn\u011bn\u00ed<\/span><\/span><\/span><\/span><\/p>\n<h2 class=\"western\" align=\"LEFT\"><span style=\"color: #000000;\"><span style=\"font-family: Arial, sans-serif;\"><span style=\"font-size: small;\"><span style=\"color: #5b3222;\">akutn\u00ed bakterieln\u00ed a virov\u00e1 onemocn\u011bn\u00ed (hnisav\u00e1 ang\u00edna, hore\u010dnat\u00e1 onemocn\u011bn\u00ed, bakterieln\u00ed infekce k\u016f\u017ee, akutn\u00ed mokvav\u00fd ekz\u00e9m)<\/span><\/span><\/span><\/span><\/h2>\n<h2 class=\"western\" align=\"LEFT\"><span style=\"color: #000000;\"><span style=\"font-family: Arial, sans-serif;\"><span style=\"font-size: small;\"><span style=\"color: #5b3222;\">nekompenzovan\u00e1 hypertenze<\/span><\/span><\/span><\/span><\/h2>\n<h2 class=\"western\" align=\"LEFT\"><span style=\"color: #000000;\"><span style=\"font-family: Arial, sans-serif;\"><span style=\"font-size: small;\"><span style=\"color: #5b3222;\">akutn\u00ed \u017eiln\u00ed z\u00e1n\u011bty <\/span><span style=\"color: #5b3222;\">\u201e<\/span><span style=\"color: #5b3222;\">internistick\u00e9\u201c otoky (p\u016fvod v nemoc\u00edch srdce, ledvin, jater)<\/span><\/span><\/span><\/span><\/h2>\n<h2 class=\"western\" align=\"LEFT\"><span style=\"color: #000000;\"><span style=\"font-family: Arial, sans-serif;\"><span style=\"font-size: small;\"><span style=\"color: #5b3222;\">patologick\u00e1 gravidita<\/span><\/span><\/span><\/span><\/h2>\n<h2 class=\"western\" align=\"LEFT\"><span style=\"color: #000000;\"><span style=\"font-family: Arial, sans-serif;\"><span style=\"font-size: small;\"><span style=\"color: #5b3222;\">nejasn\u00e9 bolesti b\u0159icha<\/span><\/span><\/span><\/span><\/h2>\n<h2 class=\"western\" align=\"LEFT\"><span style=\"font-family: Arial, sans-serif;\"><span style=\"font-size: small;\"><span style=\"color: #5b3222;\">glaukom (zelen\u00fd z\u00e1kal)<\/span><\/span><\/span><\/h2>\n<h2 class=\"western\" align=\"LEFT\"><\/h2>\n<h2 class=\"western\" align=\"LEFT\"><span style=\"font-family: Arial, sans-serif;\"><span style=\"font-size: small;\"><span style=\"color: #8b5a43;\"><b>Nutno posuzovat s l\u00e9ka\u0159em<\/b><\/span><\/span><\/span><\/h2>\n<h2 class=\"western\" align=\"LEFT\"><span style=\"font-family: Arial, sans-serif;\"><span style=\"font-size: small;\"><span style=\"color: #5b3222;\">dekompenzovan\u00e9 srde\u010dn\u00ed onemocn\u011bn\u00ed, srde\u010dn\u00ed arytmie, ischemick\u00e1 choroba srdce<\/span><\/span><\/span><\/h2>\n<h2 class=\"western\" align=\"LEFT\"><span style=\"font-family: Arial, sans-serif;\"><span style=\"font-size: small;\"><span style=\"color: #5b3222;\">astma bronchiale, astma cardiale, chronick\u00e1 bronchitida<\/span><\/span><\/span><\/h2>\n<h2 class=\"western\" align=\"LEFT\"><span style=\"font-family: Arial, sans-serif;\"><span style=\"font-size: small;\"><span style=\"color: #5b3222;\">dysfunkce \u0161t\u00edtn\u00e9 \u017el\u00e1zy<\/span><\/span><\/span><\/h2>\n<h2 class=\"western\" align=\"LEFT\"><span style=\"font-family: Arial, sans-serif;\"><span style=\"font-size: small;\"><span style=\"color: #5b3222;\">v\u00fdrazn\u00e1 hypotonie<\/span><\/span><\/span><\/h2>\n","protected":false},"excerpt":{"rendered":"<p>Manu\u00e1ln\u00ed lymfodren\u00e1\u017e\u00a0 je speci\u00e1ln\u00ed hmatov\u00e1 technika, zam\u011b\u0159en\u00e1 na lymfatick\u00fd syst\u00e9m k\u016f\u017ee a podko\u017e\u00ed ( povrchov\u00fd m\u00edzn\u00ed syst\u00e9m v kon\u010detin\u00e1ch transportuje 80% lymfy). Posiluje vst\u0159eb\u00e1vac\u00ed a transportn\u00ed funkci m\u00edzn\u00edho syst\u00e9mu podporou lymfomotoriky, kontrak\u010dn\u00edch schopnost\u00ed lymfatick\u00fdch c\u00e9v a vnit\u0159n\u00edch pulzn\u00edch mechanism\u016f lymfatick\u00e9ho syst\u00e9mu. Prov\u00e1d\u00ed se mal\u00fdm tlakem (30-40mm Hg), pomal\u00fdm tempem a jemnou hmatovou technikou, kter\u00e1 je &hellip; <a href=\"https:\/\/www.relax-rodinne-centrum.cz\/?page_id=1681\" class=\"more-link\">Pokra\u010dov\u00e1n\u00ed textu <span class=\"screen-reader-text\">Manu\u00e1ln\u00ed lymfodren\u00e1\u017e<\/span> <span class=\"meta-nav\">&rarr;<\/span><\/a><\/p>\n","protected":false},"author":2,"featured_media":0,"parent":0,"menu_order":0,"comment_status":"closed","ping_status":"closed","template":"","meta":{"footnotes":""},"_links":{"self":[{"href":"https:\/\/www.relax-rodinne-centrum.cz\/index.php?rest_route=\/wp\/v2\/pages\/1681"}],"collection":[{"href":"https:\/\/www.relax-rodinne-centrum.cz\/index.php?rest_route=\/wp\/v2\/pages"}],"about":[{"href":"https:\/\/www.relax-rodinne-centrum.cz\/index.php?rest_route=\/wp\/v2\/types\/page"}],"author":[{"embeddable":true,"href":"https:\/\/www.relax-rodinne-centrum.cz\/index.php?rest_route=\/wp\/v2\/users\/2"}],"replies":[{"embeddable":true,"href":"https:\/\/www.relax-rodinne-centrum.cz\/index.php?rest_route=%2Fwp%2Fv2%2Fcomments&post=1681"}],"version-history":[{"count":2,"href":"https:\/\/www.relax-rodinne-centrum.cz\/index.php?rest_route=\/wp\/v2\/pages\/1681\/revisions"}],"predecessor-version":[{"id":1988,"href":"https:\/\/www.relax-rodinne-centrum.cz\/index.php?rest_route=\/wp\/v2\/pages\/1681\/revisions\/1988"}],"wp:attachment":[{"href":"https:\/\/www.relax-rodinne-centrum.cz\/index.php?rest_route=%2Fwp%2Fv2%2Fmedia&parent=1681"}],"curies":[{"name":"wp","href":"https:\/\/api.w.org\/{rel}","templated":true}]}}