{"id":1671,"date":"2015-10-07T11:46:31","date_gmt":"2015-10-07T10:46:31","guid":{"rendered":"http:\/\/www.relax-rodinne-centrum.cz\/?page_id=1671"},"modified":"2024-01-16T10:46:34","modified_gmt":"2024-01-16T09:46:34","slug":"joga","status":"publish","type":"page","link":"https:\/\/www.relax-rodinne-centrum.cz\/?page_id=1671","title":{"rendered":"J\u00f3ga"},"content":{"rendered":"<p><img decoding=\"async\" class=\" wp-image-1660 aligncenter\" src=\"http:\/\/www.relax-rodinne-centrum.cz\/wp-content\/uploads\/2015\/10\/joga14-300x253.png\" alt=\"joga14\" width=\"92\" height=\"78\" \/><\/p>\n<p>J\u00f3ga je ucelen\u00fd syst\u00e9m fyzick\u00fdch, dechov\u00fdch, relaxa\u010dn\u00edch a medita\u010dn\u00edch technik..V denn\u00edm \u017eivot\u011b je vhodn\u00e1 pro \u010dlov\u011bka ka\u017ed\u00e9ho v\u011bku a \u00farovn\u011b fyzick\u00fdch mo\u017enost\u00ed. Vych\u00e1z\u00ed z klasick\u00e9 cesty j\u00f3gy. Jej\u00edm c\u00edlem je pomoci \u010dlov\u011bku z\u00edskat a zlep\u0161it t\u011blesn\u00e9, du\u0161evn\u00ed, soci\u00e1ln\u00ed a duchovn\u00ed zdrav\u00ed a dos\u00e1hnout harmonie.Je to v\u011bda o t\u011ble, mysli, v\u011bdom\u00ed a du\u0161i.<\/p>\n<p><b>\u00a0<\/b><\/p>\n<p><b>\u00a0<\/b><\/p>\n","protected":false},"excerpt":{"rendered":"<p>J\u00f3ga je ucelen\u00fd syst\u00e9m fyzick\u00fdch, dechov\u00fdch, relaxa\u010dn\u00edch a medita\u010dn\u00edch technik..V denn\u00edm \u017eivot\u011b je vhodn\u00e1 pro \u010dlov\u011bka ka\u017ed\u00e9ho v\u011bku a \u00farovn\u011b fyzick\u00fdch mo\u017enost\u00ed. Vych\u00e1z\u00ed z klasick\u00e9 cesty j\u00f3gy. Jej\u00edm c\u00edlem je pomoci \u010dlov\u011bku z\u00edskat a zlep\u0161it t\u011blesn\u00e9, du\u0161evn\u00ed, soci\u00e1ln\u00ed a duchovn\u00ed zdrav\u00ed a dos\u00e1hnout harmonie.Je to v\u011bda o t\u011ble, mysli, v\u011bdom\u00ed a du\u0161i. \u00a0 \u00a0<\/p>\n","protected":false},"author":2,"featured_media":0,"parent":0,"menu_order":0,"comment_status":"closed","ping_status":"closed","template":"","meta":{"footnotes":""},"_links":{"self":[{"href":"https:\/\/www.relax-rodinne-centrum.cz\/index.php?rest_route=\/wp\/v2\/pages\/1671"}],"collection":[{"href":"https:\/\/www.relax-rodinne-centrum.cz\/index.php?rest_route=\/wp\/v2\/pages"}],"about":[{"href":"https:\/\/www.relax-rodinne-centrum.cz\/index.php?rest_route=\/wp\/v2\/types\/page"}],"author":[{"embeddable":true,"href":"https:\/\/www.relax-rodinne-centrum.cz\/index.php?rest_route=\/wp\/v2\/users\/2"}],"replies":[{"embeddable":true,"href":"https:\/\/www.relax-rodinne-centrum.cz\/index.php?rest_route=%2Fwp%2Fv2%2Fcomments&post=1671"}],"version-history":[{"count":19,"href":"https:\/\/www.relax-rodinne-centrum.cz\/index.php?rest_route=\/wp\/v2\/pages\/1671\/revisions"}],"predecessor-version":[{"id":12077,"href":"https:\/\/www.relax-rodinne-centrum.cz\/index.php?rest_route=\/wp\/v2\/pages\/1671\/revisions\/12077"}],"wp:attachment":[{"href":"https:\/\/www.relax-rodinne-centrum.cz\/index.php?rest_route=%2Fwp%2Fv2%2Fmedia&parent=1671"}],"curies":[{"name":"wp","href":"https:\/\/api.w.org\/{rel}","templated":true}]}}