{"id":1630,"date":"2015-10-06T19:43:32","date_gmt":"2015-10-06T18:43:32","guid":{"rendered":"http:\/\/www.relax-rodinne-centrum.cz\/?page_id=1630"},"modified":"2022-03-16T11:26:45","modified_gmt":"2022-03-16T10:26:45","slug":"cenik-alternativnich-metod","status":"publish","type":"page","link":"https:\/\/www.relax-rodinne-centrum.cz\/?page_id=1630","title":{"rendered":"Cen\u00edk alternativn\u00edch metod"},"content":{"rendered":"<p><a href=\"http:\/\/www.relax-rodinne-centrum.cz\/wp-content\/uploads\/2015\/08\/cakry.jpg\"><img decoding=\"async\" class=\"alignnone size-medium wp-image-1346\" src=\"http:\/\/www.relax-rodinne-centrum.cz\/wp-content\/uploads\/2015\/08\/cakry-300x113.jpg\" alt=\"cakry\" width=\"300\" height=\"113\" srcset=\"https:\/\/www.relax-rodinne-centrum.cz\/wp-content\/uploads\/2015\/08\/cakry-300x113.jpg 300w, https:\/\/www.relax-rodinne-centrum.cz\/wp-content\/uploads\/2015\/08\/cakry-676x254.jpg 676w, https:\/\/www.relax-rodinne-centrum.cz\/wp-content\/uploads\/2015\/08\/cakry.jpg 900w\" sizes=\"(max-width: 300px) 100vw, 300px\" \/><\/a><\/p>\n<p><strong>Kraniosakr\u00e1ln\u00ed osteopatie 60 min. 700 K\u010d<\/strong><\/p>\n<p><strong>Celkov\u00e1 detoxikace \u00a0\u2013 45 min. 700 K\u010d<\/strong><\/p>\n","protected":false},"excerpt":{"rendered":"<p>Kraniosakr\u00e1ln\u00ed osteopatie 60 min. 700 K\u010d Celkov\u00e1 detoxikace \u00a0\u2013 45 min. 700 K\u010d<\/p>\n","protected":false},"author":2,"featured_media":0,"parent":0,"menu_order":0,"comment_status":"closed","ping_status":"closed","template":"","meta":{"footnotes":""},"_links":{"self":[{"href":"https:\/\/www.relax-rodinne-centrum.cz\/index.php?rest_route=\/wp\/v2\/pages\/1630"}],"collection":[{"href":"https:\/\/www.relax-rodinne-centrum.cz\/index.php?rest_route=\/wp\/v2\/pages"}],"about":[{"href":"https:\/\/www.relax-rodinne-centrum.cz\/index.php?rest_route=\/wp\/v2\/types\/page"}],"author":[{"embeddable":true,"href":"https:\/\/www.relax-rodinne-centrum.cz\/index.php?rest_route=\/wp\/v2\/users\/2"}],"replies":[{"embeddable":true,"href":"https:\/\/www.relax-rodinne-centrum.cz\/index.php?rest_route=%2Fwp%2Fv2%2Fcomments&post=1630"}],"version-history":[{"count":6,"href":"https:\/\/www.relax-rodinne-centrum.cz\/index.php?rest_route=\/wp\/v2\/pages\/1630\/revisions"}],"predecessor-version":[{"id":11980,"href":"https:\/\/www.relax-rodinne-centrum.cz\/index.php?rest_route=\/wp\/v2\/pages\/1630\/revisions\/11980"}],"wp:attachment":[{"href":"https:\/\/www.relax-rodinne-centrum.cz\/index.php?rest_route=%2Fwp%2Fv2%2Fmedia&parent=1630"}],"curies":[{"name":"wp","href":"https:\/\/api.w.org\/{rel}","templated":true}]}}