{"id":120,"date":"2014-06-03T17:42:31","date_gmt":"2014-06-03T17:42:31","guid":{"rendered":"http:\/\/www.relax-rodinne-centrum.cz\/?page_id=120"},"modified":"2024-01-14T17:58:54","modified_gmt":"2024-01-14T16:58:54","slug":"kontakt-2","status":"publish","type":"page","link":"https:\/\/www.relax-rodinne-centrum.cz\/?page_id=120","title":{"rendered":"Kontakty a n\u011bco o n\u00e1s"},"content":{"rendered":"\n<figure class=\"wp-block-image size-large\"><a href=\"http:\/\/www.relax-rodinne-centrum.cz\/wp-content\/uploads\/2024\/01\/IMG_3213-scaled.jpg\"><img fetchpriority=\"high\" decoding=\"async\" width=\"1024\" height=\"768\" src=\"http:\/\/www.relax-rodinne-centrum.cz\/wp-content\/uploads\/2024\/01\/IMG_3213-1024x768.jpg\" alt=\"\" class=\"wp-image-12038\" srcset=\"https:\/\/www.relax-rodinne-centrum.cz\/wp-content\/uploads\/2024\/01\/IMG_3213-1024x768.jpg 1024w, https:\/\/www.relax-rodinne-centrum.cz\/wp-content\/uploads\/2024\/01\/IMG_3213-300x225.jpg 300w, https:\/\/www.relax-rodinne-centrum.cz\/wp-content\/uploads\/2024\/01\/IMG_3213-768x576.jpg 768w, https:\/\/www.relax-rodinne-centrum.cz\/wp-content\/uploads\/2024\/01\/IMG_3213-1536x1152.jpg 1536w, https:\/\/www.relax-rodinne-centrum.cz\/wp-content\/uploads\/2024\/01\/IMG_3213-2048x1536.jpg 2048w\" sizes=\"(max-width: 1024px) 100vw, 1024px\" \/><\/a><\/figure>\n\n\n\n<figure class=\"wp-block-image size-large\"><a href=\"http:\/\/www.relax-rodinne-centrum.cz\/wp-content\/uploads\/2024\/01\/IMG_3212-scaled.jpg\"><img decoding=\"async\" width=\"1024\" height=\"768\" src=\"http:\/\/www.relax-rodinne-centrum.cz\/wp-content\/uploads\/2024\/01\/IMG_3212-1024x768.jpg\" alt=\"\" class=\"wp-image-12036\" srcset=\"https:\/\/www.relax-rodinne-centrum.cz\/wp-content\/uploads\/2024\/01\/IMG_3212-1024x768.jpg 1024w, https:\/\/www.relax-rodinne-centrum.cz\/wp-content\/uploads\/2024\/01\/IMG_3212-300x225.jpg 300w, https:\/\/www.relax-rodinne-centrum.cz\/wp-content\/uploads\/2024\/01\/IMG_3212-768x576.jpg 768w, https:\/\/www.relax-rodinne-centrum.cz\/wp-content\/uploads\/2024\/01\/IMG_3212-1536x1152.jpg 1536w, https:\/\/www.relax-rodinne-centrum.cz\/wp-content\/uploads\/2024\/01\/IMG_3212-2048x1536.jpg 2048w\" sizes=\"(max-width: 1024px) 100vw, 1024px\" \/><\/a><\/figure>\n\n\n<p style=\"text-align: center;\"><span style=\"font-family: Helvetica;\"><strong>Na ve\u0161ker\u00e9 informace pros\u00edm volejte na:<\/strong><\/span><\/p>\n<p style=\"text-align: center;\"><span style=\"font-family: Helvetica; font-size: 36pt;\"><strong>607 830 055<\/strong><\/span><\/p>\n<p style=\"text-align: center;\"><span style=\"font-family: Helvetica;\"><strong><br \/><span style=\"font-size: 12pt;\"> A kde se nach\u00e1z\u00edme?\u00a0<\/span><\/strong><\/span><\/p>\n<p style=\"text-align: center;\"><span style=\"font-family: Helvetica; font-size: 12pt;\">Na adrese M\u00edru 720,\u00a0Kol\u00edn 2. Kousek od k\u0159i\u017eovatky Modr\u00fd bod sm\u011br \u0160t\u00edtary.<\/span><\/p>\n<p>\u00a0<\/p>\n<p style=\"text-align: center;\"><strong>KONTAKTY NA N\u00c1S PROS\u00cdM NEPOU\u017d\u00cdVEJTE K OBJEDN\u00c1N\u00cd. OBJEDN\u00c1N\u00cd NA TEL. 607 830 055. <\/strong><strong>D\u011aKUJEME<\/strong><\/p>\n<p><span style=\"font-family: Helvetica; font-size: 12pt;\">Kontakty na n\u00e1s:<\/span><\/p>\n<p><strong>Lenka Stra\u0148\u00e1kov\u00e1 &#8211;\u00a0<\/strong>recep\u010dn\u00ed<\/p>\n<p>terapeut kraniosakraln\u00edch technik<\/p>\n<p>detoxikace organismu<\/p>\n<p>duchovn\u00ed slu\u017eby<\/p>\n<p><strong>\u00a0 \u00a0 \u00a0 tel<\/strong>: 720 756 363<\/p>\n<p><strong>\u00a0 \u00a0 \u00a0 email<\/strong>: <a href=\"mailto:relax.rodinne.centrum@gmail.com\">relax.rodinne.centrum@gmail.com<\/a><\/p>\n<p style=\"text-align: left;\"><span style=\"font-family: Helvetica; font-size: 12pt;\"><strong>Martina Novotn\u00e1<\/strong> &#8211; lymfatick\u00e9, zdravotn\u00ed mas\u00e1\u017ee, relaxa\u010dn\u00ed z\u00e1baly<\/span><\/p>\n<p style=\"text-align: left;\"><span style=\"font-family: Helvetica; font-size: 12pt;\">\u00a0 \u00a0 \u00a0 \u00a0 \u00a0 \u00a0 \u00a0 \u00a0 \u00a0 \u00a0 \u00a0 \u00a0 \u00a0 \u00a0 \u00a0 \u00a0specializace na Sm syst\u00e9m<\/span><\/p>\n<p style=\"text-align: left;\"><span style=\"font-family: Helvetica; font-size: 12pt;\">\u00a0 \u00a0 \u00a0 \u00a0 \u00a0 \u00a0 \u00a0 \u00a0 \u00a0 \u00a0 \u00a0 \u00a0 \u00a0 \u00a0 \u00a0 \u00a0balan\u010dn\u00ed cvi\u010den\u00ed,m\u00ed\u010de, j\u00f3ga,<\/span><\/p>\n<p style=\"text-align: left;\">\u00a0 \u00a0 \u00a0 \u00a0 \u00a0 \u00a0 \u00a0 \u00a0 \u00a0 \u00a0 \u00a0 \u00a0 \u00a0 \u00a0 \u00a0 \u00a0individu\u00e1ln\u00ed cvi\u010den\u00ed<\/p>\n<p style=\"text-align: left;\"><span style=\"font-family: Helvetica; font-size: 12pt;\">\u00a0 \u00a0 \u00a0 <\/span><span style=\"font-family: Helvetica; font-size: 12pt;\">\u00a0\u00a0<\/span><span style=\"font-family: Helvetica; font-size: 12pt;\"><strong>tel.:<\/strong> 723 273 745<\/span><\/p>\n<p style=\"text-align: left; padding-left: 30px;\"><span style=\"font-family: Helvetica; font-size: 12pt;\"><strong>email:<\/strong> <a href=\"mailto:relax.rodinne.centrum@gmail.com\">relax.rodinne.centrum@gmail.com<\/a><\/span><\/p>\n<p style=\"text-align: left;\"><span style=\"font-family: Helvetica;\"><b>\u00a0Jana Zahradn\u00edkov\u00e1 &#8211; lektorka d\u011bti<\/b><\/span><\/p>\n<p>\u00a0 \u00a0 \u00a0 \u00a0 \u00a0 \u00a0 <strong>\u00a0 tel:<\/strong> 727 861 838<\/p>\n<p><strong> \u00a0 \u00a0email<\/strong>: janasarovcova@gmail.com<\/p>\n<p style=\"text-align: left; padding-left: 30px;\"><span style=\"font-family: Helvetica;\"><b>\u00a0<\/b><\/span><\/p>\n<p style=\"text-align: left;\"><b>\u00a0<\/b><\/p>","protected":false},"excerpt":{"rendered":"<p>Na ve\u0161ker\u00e9 informace pros\u00edm volejte na: 607 830 055 A kde se nach\u00e1z\u00edme?\u00a0 Na adrese M\u00edru 720,\u00a0Kol\u00edn 2. Kousek od k\u0159i\u017eovatky Modr\u00fd bod sm\u011br \u0160t\u00edtary. \u00a0 KONTAKTY NA N\u00c1S PROS\u00cdM NEPOU\u017d\u00cdVEJTE K OBJEDN\u00c1N\u00cd. OBJEDN\u00c1N\u00cd NA TEL. 607 830 055. D\u011aKUJEME Kontakty na n\u00e1s: Lenka Stra\u0148\u00e1kov\u00e1 &#8211;\u00a0recep\u010dn\u00ed terapeut kraniosakraln\u00edch technik detoxikace organismu duchovn\u00ed slu\u017eby \u00a0 \u00a0 &hellip; <a href=\"https:\/\/www.relax-rodinne-centrum.cz\/?page_id=120\" class=\"more-link\">Pokra\u010dov\u00e1n\u00ed textu <span class=\"screen-reader-text\">Kontakty a n\u011bco o n\u00e1s<\/span> <span class=\"meta-nav\">&rarr;<\/span><\/a><\/p>\n","protected":false},"author":2,"featured_media":0,"parent":0,"menu_order":6,"comment_status":"closed","ping_status":"closed","template":"","meta":{"footnotes":""},"_links":{"self":[{"href":"https:\/\/www.relax-rodinne-centrum.cz\/index.php?rest_route=\/wp\/v2\/pages\/120"}],"collection":[{"href":"https:\/\/www.relax-rodinne-centrum.cz\/index.php?rest_route=\/wp\/v2\/pages"}],"about":[{"href":"https:\/\/www.relax-rodinne-centrum.cz\/index.php?rest_route=\/wp\/v2\/types\/page"}],"author":[{"embeddable":true,"href":"https:\/\/www.relax-rodinne-centrum.cz\/index.php?rest_route=\/wp\/v2\/users\/2"}],"replies":[{"embeddable":true,"href":"https:\/\/www.relax-rodinne-centrum.cz\/index.php?rest_route=%2Fwp%2Fv2%2Fcomments&post=120"}],"version-history":[{"count":64,"href":"https:\/\/www.relax-rodinne-centrum.cz\/index.php?rest_route=\/wp\/v2\/pages\/120\/revisions"}],"predecessor-version":[{"id":12042,"href":"https:\/\/www.relax-rodinne-centrum.cz\/index.php?rest_route=\/wp\/v2\/pages\/120\/revisions\/12042"}],"wp:attachment":[{"href":"https:\/\/www.relax-rodinne-centrum.cz\/index.php?rest_route=%2Fwp%2Fv2%2Fmedia&parent=120"}],"curies":[{"name":"wp","href":"https:\/\/api.w.org\/{rel}","templated":true}]}}