{"id":11843,"date":"2021-08-24T21:05:16","date_gmt":"2021-08-24T20:05:16","guid":{"rendered":"http:\/\/www.relax-rodinne-centrum.cz\/?page_id=11843"},"modified":"2025-09-11T07:54:15","modified_gmt":"2025-09-11T06:54:15","slug":"11843-2","status":"publish","type":"page","link":"https:\/\/www.relax-rodinne-centrum.cz\/?page_id=11843","title":{"rendered":"Kr\u016f\u010dky II"},"content":{"rendered":"<p><a href=\"http:\/\/www.relax-rodinne-centrum.cz\/wp-content\/uploads\/2015\/10\/deti-obr.jpg\"><img decoding=\"async\" class=\"alignnone size-full wp-image-1963\" src=\"http:\/\/www.relax-rodinne-centrum.cz\/wp-content\/uploads\/2015\/10\/deti-obr.jpg\" alt=\"\" width=\"240\" height=\"150\" \/><\/a><\/p>\n<p>KRU\u010cKY II<\/p>\n<p>P\u0159ihl\u00e1\u0161ky ke sta\u017een\u00ed\u00a0\u00a0<a href=\"http:\/\/www.relax-rodinne-centrum.cz\/wp-content\/uploads\/2020\/08\/prihlaska-Krucky.pdf\"> ZDE<\/a><\/p>\n<p>Cvi\u010dn\u00ed je pro maminky s d\u011btmi co jsou ji\u017e pokro\u010dil\u00fd chodci.<\/p>\n<p>Rozv\u00edj\u00edme motorick\u00e9 dovednosti, pam\u011b\u0165, rytmizaci a prosoci\u00e1ln\u00ed c\u00edt\u011bn\u00ed.<\/p>\n<p>Lekce zahrnuje lehk\u00e9 cviky adekv\u00e1tn\u00ed k v\u011bku d\u00edt\u011bte, cvi\u010dn\u00ed na gymnastick\u00fdch m\u00ed\u010d\u00edch, prvn\u00ed kontakt s hudebn\u00edmi n\u00e1stroji a rytmikou, pr\u00e1ce v kolektivu, v\u0161e v p\u0159\u00edjemn\u00e9m prost\u0159ed\u00ed rodinn\u00e9ho centra.<\/p>\n<p>rozvrh : <strong>p\u00e1tek\u00a0 9:45 hodin<\/strong><\/p>\n<p><strong>Za\u010d\u00edn\u00e1me 12.9.20225<\/strong><\/p>\n<p><strong>Cena 2850 K\u010d\/30 lekc\u00ed<\/strong><\/p>\n<p>D\u00e9lka 45 minut<\/p>\n","protected":false},"excerpt":{"rendered":"<p>KRU\u010cKY II P\u0159ihl\u00e1\u0161ky ke sta\u017een\u00ed\u00a0\u00a0 ZDE Cvi\u010dn\u00ed je pro maminky s d\u011btmi co jsou ji\u017e pokro\u010dil\u00fd chodci. Rozv\u00edj\u00edme motorick\u00e9 dovednosti, pam\u011b\u0165, rytmizaci a prosoci\u00e1ln\u00ed c\u00edt\u011bn\u00ed. Lekce zahrnuje lehk\u00e9 cviky adekv\u00e1tn\u00ed k v\u011bku d\u00edt\u011bte, cvi\u010dn\u00ed na gymnastick\u00fdch m\u00ed\u010d\u00edch, prvn\u00ed kontakt s hudebn\u00edmi n\u00e1stroji a rytmikou, pr\u00e1ce v kolektivu, v\u0161e v p\u0159\u00edjemn\u00e9m prost\u0159ed\u00ed rodinn\u00e9ho centra. rozvrh : &hellip; <a href=\"https:\/\/www.relax-rodinne-centrum.cz\/?page_id=11843\" class=\"more-link\">Pokra\u010dov\u00e1n\u00ed textu <span class=\"screen-reader-text\">Kr\u016f\u010dky II<\/span> <span class=\"meta-nav\">&rarr;<\/span><\/a><\/p>\n","protected":false},"author":2,"featured_media":0,"parent":0,"menu_order":0,"comment_status":"closed","ping_status":"closed","template":"","meta":{"footnotes":""},"_links":{"self":[{"href":"https:\/\/www.relax-rodinne-centrum.cz\/index.php?rest_route=\/wp\/v2\/pages\/11843"}],"collection":[{"href":"https:\/\/www.relax-rodinne-centrum.cz\/index.php?rest_route=\/wp\/v2\/pages"}],"about":[{"href":"https:\/\/www.relax-rodinne-centrum.cz\/index.php?rest_route=\/wp\/v2\/types\/page"}],"author":[{"embeddable":true,"href":"https:\/\/www.relax-rodinne-centrum.cz\/index.php?rest_route=\/wp\/v2\/users\/2"}],"replies":[{"embeddable":true,"href":"https:\/\/www.relax-rodinne-centrum.cz\/index.php?rest_route=%2Fwp%2Fv2%2Fcomments&post=11843"}],"version-history":[{"count":11,"href":"https:\/\/www.relax-rodinne-centrum.cz\/index.php?rest_route=\/wp\/v2\/pages\/11843\/revisions"}],"predecessor-version":[{"id":12147,"href":"https:\/\/www.relax-rodinne-centrum.cz\/index.php?rest_route=\/wp\/v2\/pages\/11843\/revisions\/12147"}],"wp:attachment":[{"href":"https:\/\/www.relax-rodinne-centrum.cz\/index.php?rest_route=%2Fwp%2Fv2%2Fmedia&parent=11843"}],"curies":[{"name":"wp","href":"https:\/\/api.w.org\/{rel}","templated":true}]}}