{"id":11771,"date":"2020-06-09T21:57:32","date_gmt":"2020-06-09T20:57:32","guid":{"rendered":"http:\/\/www.relax-rodinne-centrum.cz\/?page_id=11771"},"modified":"2024-09-12T07:17:52","modified_gmt":"2024-09-12T06:17:52","slug":"vseobecne-a-storno-podminky","status":"publish","type":"page","link":"https:\/\/www.relax-rodinne-centrum.cz\/?page_id=11771","title":{"rendered":"V\u0161eobecn\u00e9 a storno podm\u00ednky"},"content":{"rendered":"<h3>ORGANIZACE KURZ\u016e<\/h3>\n<ul class=\"reset\">\n<li>Provozovatel si vyhrazuje pr\u00e1vo na zm\u011bnu \u010dasu a vyu\u010duj\u00edc\u00edho lektora Va\u0161eho kurzu. ( m\u016f\u017ee b\u00fdt na dohod\u011b lektora s rodi\u010di)<\/li>\n<li>P\u0159ed zah\u00e1jen\u00edm jsou klienti sezn\u00e1meni s pr\u016fb\u011bhem, organizac\u00ed, hygienick\u00fdmi z\u00e1sadami a provozn\u00edm \u0159\u00e1dem.<\/li>\n<li>Ka\u017ed\u00e1 lekce prob\u00edh\u00e1\u00a0 v prostor\u00e1ch Relax rodinn\u00e9ho centra.<\/li>\n<li>Nat\u00e1\u010den\u00ed a fotografov\u00e1n\u00ed je dovoleno pouze se souhlasem provozovatele.<\/li>\n<li>Lekce zpravidla prob\u00edhaj\u00ed 1x t\u00fddn\u011b v ur\u010den\u00fd den a \u010das.<\/li>\n<\/ul>\n<h3>\u00a0<strong>N\u00e1hradn\u00ed hodiny nejsou.\u00a0\u00a0<\/strong><\/h3>\n<ul class=\"reset\">\n<li>Kurzovn\u00e9 je cena za cel\u00fd kurz. Ceny jsou stanoveny dle platn\u00e9ho cen\u00edku na www.relax-rodinne-centrum.cz K uhrazen\u00ed kurzovn\u00e9ho pou\u017e\u00edvejte \u00fa\u010det \u010d\u00edslo:\u00a0<strong>284515128\/0300<\/strong>. Do zpr\u00e1vy pro p\u0159\u00edjemce uv\u00e1d\u011bjte v\u017edy <strong>jm\u00e9no a p\u0159\u00edjmen\u00ed<\/strong>\u00a0j\u00a0p\u0159ihla\u0161ovan\u00e9ho d\u00edt\u011bte a druh <strong>kurzu<\/strong>. (P\u0159\u00edklad: Anna Bene\u0161ov\u00e1 &#8211; Klub\u00ed\u010dko)<\/li>\n<li>Kurzovn\u00e9 se hrad\u00ed v\u017edy zah\u00e1jen\u00edm kurzu.<\/li>\n<li>Doba v\u00fdukov\u00e9 lekce pro miminka\u00a0 je 30 minut. Pro star\u0161\u00ed d\u011bti jako jsou lezouc\u00ed, chod\u00edc\u00ed\u00a0 45 minut. D\u00e9lka kurzu je stanovena dle v\u00fdvojov\u00e9ho st\u00e1dia d\u00edt\u011bte a je v souladu s jeho zdrav\u00fdm v\u00fdvojem.<\/li>\n<li>Souhlas s t\u00edmto \u0159\u00e1dem je podm\u00ednkou pro \u00fa\u010dast v kurzu a rodi\u010de jej stvrzuj\u00ed sv\u00fdm podpisem na p\u0159ihl\u00e1\u0161ce!<\/li>\n<li>Pokud nen\u00ed podeps\u00e1na a odevzd\u00e1na p\u0159ihl\u00e1\u0161ka plat\u00ed se jednor\u00e1zov\u011b lekce 130 K\u010d. Nen\u00ed mo\u017enost ceny lekce z kurzu.<\/li>\n<\/ul>\n<h3>STORNO PODM\u00cdNKY<\/h3>\n<ul class=\"reset\">\n<li>Zarezervujete si term\u00edn na cvi\u010den\u00ed, uhra\u010fte kurzovn\u00e9 na uveden\u00fd \u00fa\u010det, nebo p\u0159\u00edmo na recepci Relax rodinn\u00e9 centra dle propozic, kter\u00e9 V\u00e1m budou sd\u011bleny odpov\u011bdnou osobou.<\/li>\n<li>V p\u0159\u00edpad\u011b storna plat\u00ed: do 14 dn\u016f p\u0159ed zah\u00e1jen\u00edm kurzu 100% z ceny kurzu. V den kon\u00e1n\u00ed lekce se vrac\u00ed 50% z ceny kurzu. Po tomto datu bez n\u00e1roku na vr\u00e1cen\u00ed pen\u011bz.<\/li>\n<li>\u00da\u010dastn\u00edci kurz\u016f souhlas\u00ed podeps\u00e1n\u00edm p\u0159ihl\u00e1\u0161ky do kurzu nebo jin\u00fdch spole\u010dn\u00fdch akc\u00ed se zve\u0159ejn\u011bn\u00edm fotografick\u00fdch materi\u00e1l\u016f z aktivit klubu na webov\u00fdch str\u00e1nk\u00e1ch www.relax-rodinne-centrum.cz, nebo facebookov\u00fdch str\u00e1nk\u00e1ch Pokud si nep\u0159ejete, aby, aby byly fotografie jeho osoby nebo jeho rodinn\u00fdch p\u0159\u00edslu\u0161n\u00edk\u016f na na\u0161ich webov\u00fdch a FB str\u00e1nk\u00e1ch zve\u0159ejn\u011bny nebo naopak, si p\u0159ejete, aby byly star\u0161\u00ed, ji\u017e um\u00edst\u011bn\u00e9 fotografie sta\u017eeny, po\u017e\u00e1dejte prost\u0159ednictv\u00edm e-mailu na adresu: <strong>relax.rodinne.centrum@gmail.com<\/strong><\/li>\n<li>V p\u0159\u00edpad\u011b zru\u0161en\u00ed lekce ze strany Relax rodinn\u00e9ho centra (nemoc lektora, technick\u00e9 d\u016fvody .. ) V\u00e1m bude automaticky nab\u00eddnuta n\u00e1hradn\u00ed lekce.<\/li>\n<\/ul>\n<p><strong>D\u011bkujeme za p\u0159e\u010dten\u00ed cel\u00e9ho \u0159\u00e1du. Douf\u00e1me, \u017ee budete s na\u0161imi slu\u017ebami spokojeni.\u00a0Pro v\u0161echny klienty plat\u00ed, \u017ee respektuj\u00ed tato pravidla. Jin\u00e1 \u0159e\u0161en\u00ed nejsou mo\u017en\u00e1!<\/strong><\/p>\n\n\n<p>Jm\u00e9no&#8230;&#8230;&#8230;&#8230;&#8230;&#8230;&#8230;&#8230;&#8230;&#8230;&#8230;&#8230;&#8230;&#8230;&#8230;&#8230;&#8230;&#8230;&#8230;&#8230;&#8230;&#8230;&#8230;&#8230;&#8230;&#8230;&#8230;&#8230;&#8230;&#8230;&#8230;&#8230;..<\/p>\n\n\n\n<p>Podpis&#8230;&#8230;&#8230;&#8230;&#8230;&#8230;&#8230;&#8230;&#8230;&#8230;&#8230;&#8230;&#8230;&#8230;&#8230;&#8230;&#8230;&#8230;&#8230;&#8230;&#8230;&#8230;&#8230;&#8230;&#8230;&#8230;&#8230;&#8230;&#8230;&#8230;&#8230;&#8230;..<\/p>\n","protected":false},"excerpt":{"rendered":"<p>ORGANIZACE KURZ\u016e Provozovatel si vyhrazuje pr\u00e1vo na zm\u011bnu \u010dasu a vyu\u010duj\u00edc\u00edho lektora Va\u0161eho kurzu. ( m\u016f\u017ee b\u00fdt na dohod\u011b lektora s rodi\u010di) P\u0159ed zah\u00e1jen\u00edm jsou klienti sezn\u00e1meni s pr\u016fb\u011bhem, organizac\u00ed, hygienick\u00fdmi z\u00e1sadami a provozn\u00edm \u0159\u00e1dem. Ka\u017ed\u00e1 lekce prob\u00edh\u00e1\u00a0 v prostor\u00e1ch Relax rodinn\u00e9ho centra. Nat\u00e1\u010den\u00ed a fotografov\u00e1n\u00ed je dovoleno pouze se souhlasem provozovatele. Lekce zpravidla prob\u00edhaj\u00ed &hellip; <a href=\"https:\/\/www.relax-rodinne-centrum.cz\/?page_id=11771\" class=\"more-link\">Pokra\u010dov\u00e1n\u00ed textu <span class=\"screen-reader-text\">V\u0161eobecn\u00e9 a storno podm\u00ednky<\/span> <span class=\"meta-nav\">&rarr;<\/span><\/a><\/p>\n","protected":false},"author":2,"featured_media":0,"parent":0,"menu_order":0,"comment_status":"closed","ping_status":"closed","template":"","meta":{"footnotes":""},"_links":{"self":[{"href":"https:\/\/www.relax-rodinne-centrum.cz\/index.php?rest_route=\/wp\/v2\/pages\/11771"}],"collection":[{"href":"https:\/\/www.relax-rodinne-centrum.cz\/index.php?rest_route=\/wp\/v2\/pages"}],"about":[{"href":"https:\/\/www.relax-rodinne-centrum.cz\/index.php?rest_route=\/wp\/v2\/types\/page"}],"author":[{"embeddable":true,"href":"https:\/\/www.relax-rodinne-centrum.cz\/index.php?rest_route=\/wp\/v2\/users\/2"}],"replies":[{"embeddable":true,"href":"https:\/\/www.relax-rodinne-centrum.cz\/index.php?rest_route=%2Fwp%2Fv2%2Fcomments&post=11771"}],"version-history":[{"count":11,"href":"https:\/\/www.relax-rodinne-centrum.cz\/index.php?rest_route=\/wp\/v2\/pages\/11771\/revisions"}],"predecessor-version":[{"id":12101,"href":"https:\/\/www.relax-rodinne-centrum.cz\/index.php?rest_route=\/wp\/v2\/pages\/11771\/revisions\/12101"}],"wp:attachment":[{"href":"https:\/\/www.relax-rodinne-centrum.cz\/index.php?rest_route=%2Fwp%2Fv2%2Fmedia&parent=11771"}],"curies":[{"name":"wp","href":"https:\/\/api.w.org\/{rel}","templated":true}]}}