{"id":11605,"date":"2018-09-18T11:50:45","date_gmt":"2018-09-18T10:50:45","guid":{"rendered":"http:\/\/www.relax-rodinne-centrum.cz\/?page_id=11605"},"modified":"2024-01-14T16:31:00","modified_gmt":"2024-01-14T15:31:00","slug":"reiki","status":"publish","type":"page","link":"https:\/\/www.relax-rodinne-centrum.cz\/?page_id=11605","title":{"rendered":"Reiki"},"content":{"rendered":"<p style=\"text-align: center;\"><strong>Reiki<\/strong><\/p>\n<p style=\"text-align: center;\">\u00a0<a href=\"http:\/\/www.relax-rodinne-centrum.cz\/wp-content\/uploads\/2018\/09\/reiki.jpg\"><img decoding=\"async\" class=\"alignnone  wp-image-11606\" src=\"http:\/\/www.relax-rodinne-centrum.cz\/wp-content\/uploads\/2018\/09\/reiki-300x231.jpg\" alt=\"\" width=\"126\" height=\"97\" srcset=\"https:\/\/www.relax-rodinne-centrum.cz\/wp-content\/uploads\/2018\/09\/reiki-300x231.jpg 300w, https:\/\/www.relax-rodinne-centrum.cz\/wp-content\/uploads\/2018\/09\/reiki.jpg 485w\" sizes=\"(max-width: 126px) 100vw, 126px\" \/><\/a><\/p>\n<p>P\u0159\u00edzniv\u011b p\u016fsob\u00ed na celkov\u00fd syst\u00e9m \u010dlov\u011bka.<\/p>\n<p>Pozitivn\u011b ovliv\u0148uje psychick\u00fd a fyzick\u00fd stav.<\/p>\n<p>Relaxace prob\u00edh\u00e1 na leh\u00e1tku 45 minut.<\/p>\n<p>Cena 650 K\u010d<\/p>\n","protected":false},"excerpt":{"rendered":"<p>Reiki \u00a0 P\u0159\u00edzniv\u011b p\u016fsob\u00ed na celkov\u00fd syst\u00e9m \u010dlov\u011bka. Pozitivn\u011b ovliv\u0148uje psychick\u00fd a fyzick\u00fd stav. Relaxace prob\u00edh\u00e1 na leh\u00e1tku 45 minut. Cena 650 K\u010d<\/p>\n","protected":false},"author":2,"featured_media":0,"parent":0,"menu_order":0,"comment_status":"closed","ping_status":"closed","template":"","meta":{"footnotes":""},"_links":{"self":[{"href":"https:\/\/www.relax-rodinne-centrum.cz\/index.php?rest_route=\/wp\/v2\/pages\/11605"}],"collection":[{"href":"https:\/\/www.relax-rodinne-centrum.cz\/index.php?rest_route=\/wp\/v2\/pages"}],"about":[{"href":"https:\/\/www.relax-rodinne-centrum.cz\/index.php?rest_route=\/wp\/v2\/types\/page"}],"author":[{"embeddable":true,"href":"https:\/\/www.relax-rodinne-centrum.cz\/index.php?rest_route=\/wp\/v2\/users\/2"}],"replies":[{"embeddable":true,"href":"https:\/\/www.relax-rodinne-centrum.cz\/index.php?rest_route=%2Fwp%2Fv2%2Fcomments&post=11605"}],"version-history":[{"count":3,"href":"https:\/\/www.relax-rodinne-centrum.cz\/index.php?rest_route=\/wp\/v2\/pages\/11605\/revisions"}],"predecessor-version":[{"id":12023,"href":"https:\/\/www.relax-rodinne-centrum.cz\/index.php?rest_route=\/wp\/v2\/pages\/11605\/revisions\/12023"}],"wp:attachment":[{"href":"https:\/\/www.relax-rodinne-centrum.cz\/index.php?rest_route=%2Fwp%2Fv2%2Fmedia&parent=11605"}],"curies":[{"name":"wp","href":"https:\/\/api.w.org\/{rel}","templated":true}]}}