{"id":11530,"date":"2018-09-07T09:47:34","date_gmt":"2018-09-07T08:47:34","guid":{"rendered":"http:\/\/www.relax-rodinne-centrum.cz\/?page_id=11530"},"modified":"2025-09-11T07:53:48","modified_gmt":"2025-09-11T06:53:48","slug":"spolecne-prvni-krucky","status":"publish","type":"page","link":"https:\/\/www.relax-rodinne-centrum.cz\/?page_id=11530","title":{"rendered":"Kr\u016f\u010dky"},"content":{"rendered":"<p style=\"text-align: center;\"><strong>Kr\u016f\u010dky I<\/strong><\/p>\n<p style=\"text-align: center;\"><a href=\"http:\/\/www.relax-rodinne-centrum.cz\/wp-content\/uploads\/2018\/09\/prvni-krucek-1.jpg\"><img decoding=\"async\" class=\"alignnone wp-image-11531\" src=\"http:\/\/www.relax-rodinne-centrum.cz\/wp-content\/uploads\/2018\/09\/prvni-krucek-1.jpg\" alt=\"\" width=\"123\" height=\"140\" \/><\/a><\/p>\n<p>P\u0159ihl\u00e1\u0161ky ke sta\u017een\u00ed\u00a0\u00a0<a href=\"http:\/\/www.relax-rodinne-centrum.cz\/wp-content\/uploads\/2020\/08\/prihlaska-Krucky.pdf\"> ZDE<\/a><\/p>\n<p>Cvi\u010dn\u00ed je pro maminky s d\u011btmi co ji\u017e za\u010d\u00ednaj\u00ed a nebo u\u017e chod\u00ed.<\/p>\n<p>Rozv\u00edj\u00edme motorick\u00e9 dovednosti, pam\u011b\u0165, rytmizaci a prosoci\u00e1ln\u00ed c\u00edt\u011bn\u00ed.<\/p>\n<p>Lekce zahrnuje lehk\u00e9 cviky adekv\u00e1tn\u00ed k v\u011bku d\u00edt\u011bte, cvi\u010dn\u00ed na gymnastick\u00fdch m\u00ed\u010d\u00edch, prvn\u00ed kontakt s hudebn\u00edmi n\u00e1stroji a rytmikou, pr\u00e1ce v kolektivu, v\u0161e v p\u0159\u00edjemn\u00e9m prost\u0159ed\u00ed rodinn\u00e9ho centra.<\/p>\n<p>rozvrh : <strong>p\u00e1tek\u00a0 9:00<\/strong><\/p>\n<p><strong>Za\u010d\u00edn\u00e1me 12.9.2025<\/strong><\/p>\n<p><strong>30 lekci\/2850 K\u010d<\/strong><\/p>\n<p><b>\u00a0<\/b><\/p>\n<p>D\u00e9lka 45 minut\/90 K\u010d<\/p>\n<div><\/div>\n<div><\/div>\n","protected":false},"excerpt":{"rendered":"<p>Kr\u016f\u010dky I P\u0159ihl\u00e1\u0161ky ke sta\u017een\u00ed\u00a0\u00a0 ZDE Cvi\u010dn\u00ed je pro maminky s d\u011btmi co ji\u017e za\u010d\u00ednaj\u00ed a nebo u\u017e chod\u00ed. Rozv\u00edj\u00edme motorick\u00e9 dovednosti, pam\u011b\u0165, rytmizaci a prosoci\u00e1ln\u00ed c\u00edt\u011bn\u00ed. Lekce zahrnuje lehk\u00e9 cviky adekv\u00e1tn\u00ed k v\u011bku d\u00edt\u011bte, cvi\u010dn\u00ed na gymnastick\u00fdch m\u00ed\u010d\u00edch, prvn\u00ed kontakt s hudebn\u00edmi n\u00e1stroji a rytmikou, pr\u00e1ce v kolektivu, v\u0161e v p\u0159\u00edjemn\u00e9m prost\u0159ed\u00ed rodinn\u00e9ho centra. &hellip; <a href=\"https:\/\/www.relax-rodinne-centrum.cz\/?page_id=11530\" class=\"more-link\">Pokra\u010dov\u00e1n\u00ed textu <span class=\"screen-reader-text\">Kr\u016f\u010dky<\/span> <span class=\"meta-nav\">&rarr;<\/span><\/a><\/p>\n","protected":false},"author":2,"featured_media":0,"parent":0,"menu_order":0,"comment_status":"closed","ping_status":"closed","template":"","meta":{"footnotes":""},"_links":{"self":[{"href":"https:\/\/www.relax-rodinne-centrum.cz\/index.php?rest_route=\/wp\/v2\/pages\/11530"}],"collection":[{"href":"https:\/\/www.relax-rodinne-centrum.cz\/index.php?rest_route=\/wp\/v2\/pages"}],"about":[{"href":"https:\/\/www.relax-rodinne-centrum.cz\/index.php?rest_route=\/wp\/v2\/types\/page"}],"author":[{"embeddable":true,"href":"https:\/\/www.relax-rodinne-centrum.cz\/index.php?rest_route=\/wp\/v2\/users\/2"}],"replies":[{"embeddable":true,"href":"https:\/\/www.relax-rodinne-centrum.cz\/index.php?rest_route=%2Fwp%2Fv2%2Fcomments&post=11530"}],"version-history":[{"count":24,"href":"https:\/\/www.relax-rodinne-centrum.cz\/index.php?rest_route=\/wp\/v2\/pages\/11530\/revisions"}],"predecessor-version":[{"id":12145,"href":"https:\/\/www.relax-rodinne-centrum.cz\/index.php?rest_route=\/wp\/v2\/pages\/11530\/revisions\/12145"}],"wp:attachment":[{"href":"https:\/\/www.relax-rodinne-centrum.cz\/index.php?rest_route=%2Fwp%2Fv2%2Fmedia&parent=11530"}],"curies":[{"name":"wp","href":"https:\/\/api.w.org\/{rel}","templated":true}]}}