{"id":6042,"date":"2018-01-16T21:08:36","date_gmt":"2018-01-16T20:08:36","guid":{"rendered":"http:\/\/www.relax-rodinne-centrum.cz\/?page_id=6042"},"modified":"2025-09-11T07:53:04","modified_gmt":"2025-09-11T06:53:04","slug":"hratky-s-batolatky","status":"publish","type":"page","link":"http:\/\/www.relax-rodinne-centrum.cz\/?page_id=6042","title":{"rendered":"Hr\u00e1tky s batol\u00e1tky"},"content":{"rendered":"<p style=\"text-align: center;\">\u00a0<a href=\"http:\/\/www.relax-rodinne-centrum.cz\/wp-content\/uploads\/2017\/03\/baby-boy.png\" rel=\"attachment wp-att-3195\"><img decoding=\"async\" class=\"alignnone wp-image-3195\" src=\"http:\/\/www.relax-rodinne-centrum.cz\/wp-content\/uploads\/2017\/03\/baby-boy-300x294.png\" alt=\"baby boy\" width=\"58\" height=\"57\" srcset=\"http:\/\/www.relax-rodinne-centrum.cz\/wp-content\/uploads\/2017\/03\/baby-boy-300x294.png 300w, http:\/\/www.relax-rodinne-centrum.cz\/wp-content\/uploads\/2017\/03\/baby-boy-150x150.png 150w, http:\/\/www.relax-rodinne-centrum.cz\/wp-content\/uploads\/2017\/03\/baby-boy.png 600w\" sizes=\"(max-width: 58px) 100vw, 58px\" \/><\/a>\u00a0<a href=\"http:\/\/www.relax-rodinne-centrum.cz\/wp-content\/uploads\/2017\/03\/baby-girl.png\" rel=\"attachment wp-att-3194\"><img decoding=\"async\" class=\"alignnone wp-image-3194\" src=\"http:\/\/www.relax-rodinne-centrum.cz\/wp-content\/uploads\/2017\/03\/baby-girl-279x300.png\" alt=\"baby girl\" width=\"51\" height=\"55\" srcset=\"http:\/\/www.relax-rodinne-centrum.cz\/wp-content\/uploads\/2017\/03\/baby-girl-279x300.png 279w, http:\/\/www.relax-rodinne-centrum.cz\/wp-content\/uploads\/2017\/03\/baby-girl.png 743w\" sizes=\"(max-width: 51px) 100vw, 51px\" \/><\/a><\/p>\n<p>P\u0159ihl\u00e1\u0161ky ke sta\u017een\u00ed zde\u00a0<a href=\"http:\/\/www.relax-rodinne-centrum.cz\/wp-content\/uploads\/2020\/08\/prihlaska-hratky.pdf\"> ZDE<\/a><\/p>\n<p style=\"text-align: left;\">Podpora psychomotorick\u00e9ho v\u00fdvoje, hudebn\u011b pohybov\u00e9 v\u00fdchovy a\u00a0procvi\u010dov\u00e1n\u00ed jemn\u00e9 a\u00a0hrub\u00e9 motoriky. D\u011bti se nau\u010d\u00ed pobytu a\u00a0spolupr\u00e1ci v\u00a0kolektivu. Cvi\u010den\u00ed je doprov\u00e1zeno p\u00edsni\u010dkami a\u00a0\u0159\u00edkadly s\u00a0vyu\u017eit\u00edm pom\u016fcek.\u00a0Maminky se nau\u010d\u00ed manipulaci s\u00a0miminkem a\u00a0spr\u00e1vn\u00fdm \u00fachop\u016fm.<\/p>\n<p style=\"text-align: left;\">Ka\u017ed\u00fd \u010dtvrtek od 9 hodin <strong>Klub\u00ed\u010dko<\/strong>\u00a0&#8211; miminka<\/p>\n<p><strong>Za\u010d\u00edn\u00e1me 11.9. 2025 od 8:45 hodin<\/strong><\/p>\n<p><strong>30 lekc\u00ed\/2250 K\u010d<\/strong><\/p>\n<p><strong>Cena 75K\u010d\/30 minut<\/strong><\/p>\n<p>(Pokud posl\u00e9ze d\u011bti p\u0159ech\u00e1zej\u00ed z Klub\u00ed\u010dka do Krte\u010dka je t\u0159eba doplatit cenov\u00fd rozd\u00edl. D\u011bkujeme)<\/p>\n<p style=\"text-align: left;\">Od 9.45 hodin<strong> Krte\u010dek<\/strong> miminka co ji\u017e lezou,ale je\u0161t\u011b nechod\u00ed<\/p>\n<p><strong>Za\u010d\u00edn\u00e1me 11.9.2025 od 9:15 hodin<\/strong><\/p>\n<p><strong>30 lekc\u00ed\/2850 K\u010d<\/strong><\/p>\n<p><strong>Cena 95K\u010d\/45 minut<\/strong><\/p>\n<p><strong>Kr\u016f\u010dky I<\/strong><\/p>\n<p><strong>Od 10:00<\/strong><\/p>\n<p><strong>30 lekc\u00ed\/2850K\u010d<\/strong><\/p>\n<p><strong>Kr\u016f\u010dky III<\/strong><\/p>\n<p><strong>Od 10:45<\/strong><\/p>\n<p><strong>30 lekc\u00ed\/2850K\u010d<\/strong><\/p>\n<p>Rezervace na tel: 607 830 055<\/p>\n<p style=\"text-align: left;\">Kdykoliv se d\u00e1 do kurzu p\u0159idat a nebo p\u0159ej\u00edt do kurzu ji\u017e pro v\u011bt\u0161\u00ed d\u011bti.<\/p>\n","protected":false},"excerpt":{"rendered":"<p>\u00a0\u00a0 P\u0159ihl\u00e1\u0161ky ke sta\u017een\u00ed zde\u00a0 ZDE Podpora psychomotorick\u00e9ho v\u00fdvoje, hudebn\u011b pohybov\u00e9 v\u00fdchovy a\u00a0procvi\u010dov\u00e1n\u00ed jemn\u00e9 a\u00a0hrub\u00e9 motoriky. D\u011bti se nau\u010d\u00ed pobytu a\u00a0spolupr\u00e1ci v\u00a0kolektivu. Cvi\u010den\u00ed je doprov\u00e1zeno p\u00edsni\u010dkami a\u00a0\u0159\u00edkadly s\u00a0vyu\u017eit\u00edm pom\u016fcek.\u00a0Maminky se nau\u010d\u00ed manipulaci s\u00a0miminkem a\u00a0spr\u00e1vn\u00fdm \u00fachop\u016fm. Ka\u017ed\u00fd \u010dtvrtek od 9 hodin Klub\u00ed\u010dko\u00a0&#8211; miminka Za\u010d\u00edn\u00e1me 11.9. 2025 od 8:45 hodin 30 lekc\u00ed\/2250 K\u010d Cena 75K\u010d\/30 minut (Pokud &hellip; <a href=\"http:\/\/www.relax-rodinne-centrum.cz\/?page_id=6042\" class=\"more-link\">Pokra\u010dov\u00e1n\u00ed textu <span class=\"screen-reader-text\">Hr\u00e1tky s batol\u00e1tky<\/span> <span class=\"meta-nav\">&rarr;<\/span><\/a><\/p>\n","protected":false},"author":2,"featured_media":0,"parent":0,"menu_order":0,"comment_status":"closed","ping_status":"closed","template":"","meta":{"footnotes":""},"_links":{"self":[{"href":"http:\/\/www.relax-rodinne-centrum.cz\/index.php?rest_route=\/wp\/v2\/pages\/6042"}],"collection":[{"href":"http:\/\/www.relax-rodinne-centrum.cz\/index.php?rest_route=\/wp\/v2\/pages"}],"about":[{"href":"http:\/\/www.relax-rodinne-centrum.cz\/index.php?rest_route=\/wp\/v2\/types\/page"}],"author":[{"embeddable":true,"href":"http:\/\/www.relax-rodinne-centrum.cz\/index.php?rest_route=\/wp\/v2\/users\/2"}],"replies":[{"embeddable":true,"href":"http:\/\/www.relax-rodinne-centrum.cz\/index.php?rest_route=%2Fwp%2Fv2%2Fcomments&post=6042"}],"version-history":[{"count":31,"href":"http:\/\/www.relax-rodinne-centrum.cz\/index.php?rest_route=\/wp\/v2\/pages\/6042\/revisions"}],"predecessor-version":[{"id":12144,"href":"http:\/\/www.relax-rodinne-centrum.cz\/index.php?rest_route=\/wp\/v2\/pages\/6042\/revisions\/12144"}],"wp:attachment":[{"href":"http:\/\/www.relax-rodinne-centrum.cz\/index.php?rest_route=%2Fwp%2Fv2%2Fmedia&parent=6042"}],"curies":[{"name":"wp","href":"https:\/\/api.w.org\/{rel}","templated":true}]}}