{"id":36,"date":"2014-03-16T13:12:19","date_gmt":"2014-03-16T13:12:19","guid":{"rendered":"http:\/\/relax-rodinne-centrum.cz\/?page_id=36"},"modified":"2025-09-10T19:55:46","modified_gmt":"2025-09-10T18:55:46","slug":"cenik","status":"publish","type":"page","link":"http:\/\/www.relax-rodinne-centrum.cz\/?page_id=36","title":{"rendered":"Cen\u00edk"},"content":{"rendered":"<p><span style=\"font-family: Helvetica; font-size: 12pt;\"><strong>Martina Novotn\u00e1<\/strong><\/span><br \/>\n<span style=\"font-family: Helvetica; font-size: 12pt;\"> <strong><em>Klasick\u00e9 mas\u00e1\u017ee<\/em><\/strong><\/span><br \/>\n<span style=\"font-family: Helvetica; font-size: 12pt;\"> Z\u00e1da+\u0161\u00edje \u00a0 \u00a0 \u00a0 \u00a0 \u00a0 \u00a0 \u00a0 \u00a0 \u00a0 \u00a0 \u00a0 \u00a0 \u00a0 \u00a0 \u00a0 \u00a0 \u00a0 \u00a0 \u00a0 \u00a0 \u00a0 \u00a0 \u00a0 \u00a0 \u00a0 \u00a0 \u00a0 \u00a0 \u00a0 \u00a0 \u00a0 \u00a0 \u00a0 \u00a0 \u00a0 \u00a050min.\u00a0 \u00a0 \u00a0 \u00a0 \u00a0 \u00a0 \u00a0 \u00a0 \u00a0 \u00a0 \u00a0 \u00a0 \u00a0 \u00a0 \u00a0 \u00a0 800,-K\u010d<\/span><br \/>\n<span style=\"font-family: Helvetica; font-size: 12pt;\"> Z\u00e1da+\u0161\u00edje+HK+hrudn\u00edk \u00a0 \u00a0 \u00a0 \u00a0 \u00a0 \u00a0 \u00a0 \u00a0 \u00a0 \u00a0 \u00a0 \u00a0 \u00a0 \u00a0 \u00a0 \u00a0 \u00a0 \u00a0 \u00a0 \u00a0 \u00a0 \u00a0 \u00a0 \u00a0 \u00a0 80min.\u00a0 \u00a0 \u00a0 \u00a0 \u00a0 \u00a0 \u00a0 \u00a0 \u00a0 \u00a0 \u00a0 \u00a0 \u00a0 \u00a0 \u00a0 \u00a01000,-K\u010d<\/span><br \/>\n<span style=\"font-family: Helvetica; font-size: 12pt;\"> Doln\u00ed kon\u010detiny \u00a0 \u00a0 \u00a0 \u00a0 \u00a0 \u00a0 \u00a0 \u00a0 \u00a0 \u00a0 \u00a0 \u00a0 \u00a0 \u00a0 \u00a0 \u00a0 \u00a0 \u00a0 \u00a0 \u00a0 \u00a0 \u00a0 \u00a0 \u00a0 \u00a0 \u00a0 \u00a0 \u00a0 \u00a0 \u00a0 \u00a0 \u00a050min.\u00a0 \u00a0 \u00a0 \u00a0 \u00a0 \u00a0 \u00a0 \u00a0 \u00a0 \u00a0 \u00a0 \u00a0 \u00a0 \u00a0 \u00a0 \u00a0800,-K\u010d<\/span><br \/>\n<span style=\"font-family: Helvetica; font-size: 12pt;\"> <em>(mo\u017eno doplnit z\u00e1balem)<\/em><\/span><br \/>\n<span style=\"font-family: Helvetica; font-size: 12pt;\"> Celkov\u00e1 mas\u00e1\u017e \u00a0 \u00a0 \u00a0 \u00a0 \u00a0 \u00a0 \u00a0 \u00a0 \u00a0 \u00a0 \u00a0 \u00a0 \u00a0 \u00a0 \u00a0 \u00a0 \u00a0 \u00a0 \u00a0 \u00a0 \u00a0 \u00a0 \u00a0 \u00a0 \u00a0 \u00a0 \u00a0 \u00a0 \u00a0 \u00a0 \u00a0 \u00a0120min.\u00a0 \u00a0 \u00a0 \u00a0 \u00a0 \u00a0 \u00a0 \u00a0 \u00a0 \u00a0 \u00a0 \u00a0 \u00a0 \u00a0 \u00a02000,-K\u010d<\/span><br \/>\n<span style=\"font-family: Helvetica; font-size: 12pt;\"> (z\u00e1da,\u0161ije,HK,DK,b\u0159icho,hrudn\u00edk) \u00a0 \u00a0 \u00a0 \u00a0 \u00a0 \u00a0 \u00a0 \u00a0 \u00a0 \u00a0 \u00a0 \u00a0 \u00a0 \u00a0 \u00a0 \u00a0 \u00a0 \u00a0180min. \u00a0 \u00a0 \u00a0 \u00a0 \u00a0 \u00a0 \u00a0 \u00a0 \u00a0 \u00a0 \u00a0 \u00a0 \u00a0 \u00a0 1500,-K\u010d<\/span><\/p>\n<p><span style=\"font-family: Helvetica; font-size: 12pt;\">Tlakov\u00e9 mas\u00e1\u017ee \u00a0 \u00a0 \u00a0 \u00a0 \u00a0 \u00a0 \u00a0 \u00a0 \u00a0 \u00a0 \u00a0 \u00a0 \u00a0 \u00a0 \u00a0 \u00a0 \u00a0 \u00a0 \u00a0 \u00a0 \u00a0 \u00a0 \u00a0 \u00a0 \u00a0 \u00a0 \u00a0 \u00a0 \u00a0 \u00a0 \u00a0 50min.\u00a0 \u00a0 \u00a0 \u00a0 \u00a0 \u00a0 \u00a0 \u00a0 \u00a0 \u00a0 \u00a0 \u00a0 \u00a0 \u00a0 \u00a0 \u00a0800,-K\u010d<\/span><br \/>\n<span style=\"font-family: Helvetica; font-size: 12pt;\"> Vazivov\u00e9 mas\u00e1\u017ee \u00a0 \u00a0 \u00a0 \u00a0 \u00a0 \u00a0 \u00a0 \u00a0 \u00a0 \u00a0 \u00a0 \u00a0 \u00a0 \u00a0 \u00a0 \u00a0 \u00a0 \u00a0 \u00a0 \u00a0 \u00a0 \u00a0 \u00a0 \u00a0 \u00a0 \u00a0 \u00a0 \u00a0 \u00a0 \u00a0 50min.\u00a0 \u00a0 \u00a0 \u00a0 \u00a0 \u00a0 \u00a0 \u00a0 \u00a0 \u00a0 \u00a0 \u00a0 \u00a0 \u00a0 \u00a0 800,-K\u010d<\/span><\/p>\n<p><span style=\"font-family: Helvetica; font-size: 12pt;\">Struktur\u00e1ln\u00ed integrace \u00a0 \u00a0 \u00a0 \u00a0 \u00a0 \u00a0 \u00a0 \u00a0 \u00a0 \u00a0 \u00a0 \u00a0 \u00a0 \u00a0 \u00a0 \u00a0 \u00a0 \u00a0 \u00a0 \u00a0 \u00a0 \u00a0 \u00a0 \u00a0 \u00a0 \u00a0 \u00a0 60min.\u00a0 \u00a0 \u00a0 \u00a0 \u00a0 \u00a0 \u00a0 \u00a0 \u00a0 \u00a0 \u00a0 \u00a0 \u00a0 \u00a0 \u00a0 \u00a0800,-K\u010d<\/span><br \/>\n<span style=\"font-family: Helvetica; font-size: 12pt;\"> <em>(uvoln\u011bn\u00ed spojovac\u00edch tk\u00e1n\u00ed t\u011bla-fascie)<\/em><\/span><br \/>\n<span style=\"font-family: Helvetica; font-size: 12pt;\"> Manu\u00e1ln\u00ed lymfodren\u00e1\u017e<\/span><br \/>\n<span style=\"font-family: Helvetica; font-size: 12pt;\"> krk zep\u0159edu+obli\u010dej \u00a0 \u00a0 \u00a0 \u00a0 \u00a0 \u00a0 \u00a0 \u00a0 \u00a0 \u00a0 \u00a0 \u00a0 \u00a0 \u00a0 \u00a0 \u00a0 \u00a0 \u00a0 \u00a0 \u00a0 \u00a0 \u00a0 \u00a0 \u00a0 \u00a0 \u00a0 \u00a0 \u00a0 \u00a045min.\u00a0 \u00a0 \u00a0 \u00a0 \u00a0 \u00a0 \u00a0 \u00a0 \u00a0 \u00a0 \u00a0 \u00a0 \u00a0 \u00a0 \u00a0 \u00a0 800,-K\u010d<\/span><br \/>\n<span style=\"font-family: Helvetica; font-size: 12pt;\"> krk zep\u0159edu+hrudn\u00edk+Hk \u00a0 \u00a0 \u00a0 \u00a0 \u00a0 \u00a0 \u00a0 \u00a0 \u00a0 \u00a0 \u00a0 \u00a0 \u00a0 \u00a0 \u00a0 \u00a0 \u00a0 \u00a0 \u00a0 \u00a0 \u00a0 \u00a0 \u00a0 \u00a0 \u00a060min.\u00a0 \u00a0 \u00a0 \u00a0 \u00a0 \u00a0 \u00a0 \u00a0 \u00a0 \u00a0 \u00a0 \u00a0 \u00a0 \u00a0 \u00a0 \u00a0 900,-K\u010d<\/span><br \/>\n<span style=\"font-family: Helvetica; font-size: 12pt;\"> krk zep\u0159edu+krk zezadu+z\u00e1da+bedra\u00a0 \u00a0 60min.\u00a0 \u00a0 \u00a0 \u00a0 \u00a0 \u00a0 \u00a0 \u00a0 \u00a0 \u00a0 \u00a0 \u00a0 \u00a0 \u00a0 \u00a0 \u00a0 800,-K\u010d<\/span><br \/>\n<span style=\"font-family: Helvetica; font-size: 12pt;\"> Krk zep\u0159edu+DK\u00a0 \u00a0 \u00a0 \u00a0 \u00a0 \u00a0 \u00a0 \u00a0 \u00a0 \u00a0 \u00a0 \u00a0 90min\u00a0 \u00a0 \u00a0 \u00a0 \u00a0 \u00a0 \u00a0 \u00a0 \u00a0 \u00a0 \u00a0 \u00a0 \u00a0 \u00a0 \u00a0 \u00a0 \u00a01200,-K\u010d<\/span><br \/>\n<span style=\"font-family: Helvetica; font-size: 12pt;\"> Krk zep\u0159edu+DK+bedra\u00a0 \u00a0 \u00a0 \u00a0 \u00a0 \u00a0 \u00a0115min.\u00a0 \u00a0 \u00a0 \u00a0 \u00a0 \u00a0 \u00a0 \u00a0 \u00a0 \u00a0 \u00a0 \u00a0 \u00a0 \u00a0 \u00a0 1500,-K\u010d<\/span><br \/>\n<span style=\"font-family: Helvetica; font-size: 12pt;\"> Lymfatick\u00e1 mas\u00e1\u017e cel\u00e9ho t\u011bla\u00a0 \u00a0180min.\u00a0 \u00a0 \u00a0 \u00a0 \u00a0 \u00a0 \u00a0 \u00a0 \u00a0 \u00a0 \u00a0 \u00a0 \u00a0 \u00a0 \u00a0 2800,-K\u010d<\/span><\/p>\n<p><span style=\"font-family: Helvetica; font-size: 12pt;\">Mo\u017eno doplnit z\u00e1balem Dk\u00a0 \u00a0 \u00a0 \u00a0 45min.\u00a0 \u00a0 \u00a0 \u00a0 \u00a0 \u00a0 \u00a0 \u00a0 \u00a0 \u00a0 \u00a0 \u00a0 \u00a0 \u00a0 \u00a0 \u00a0 300,-K\u010d<\/span><\/p>\n<p><span style=\"font-family: Helvetica;\">\u00a0<\/span><\/p>\n<p><span style=\"font-family: Helvetica; font-size: 12pt;\"><strong>Regenera\u010dn\u00ed z\u00e1baly<\/strong><\/span><br \/>\n<span style=\"font-family: Helvetica; font-size: 12pt;\"> Such\u00e1 uhli\u010dit\u00e1 koupel<\/span><br \/>\n<span style=\"font-family: Helvetica; font-size: 12pt;\"> 1 procedura \u00a0 \u00a0 \u00a0 \u00a0 \u00a0 \u00a0 \u00a0 \u00a0 \u00a0 \u00a0 \u00a0 \u00a0 \u00a0 \u00a0 \u00a0 \u00a0 \u00a0 \u00a0 \u00a0 \u00a0 \u00a0 \u00a0 \u00a0 \u00a0 \u00a0 \u00a0 \u00a0 \u00a0 \u00a0 \u00a0 \u00a0 \u00a0 \u00a0 \u00a0 \u00a0 \u00a0 50min.\u00a0 \u00a0 \u00a0 \u00a0 \u00a0 \u00a0 \u00a0 \u00a0 \u00a0 \u00a0 \u00a0 \u00a0 \u00a0 \u00a0 \u00a0 \u00a0 300,-K\u010d<\/span><br \/>\n<span style=\"font-family: Helvetica; font-size: 12pt;\"> 10procedur \u00a0 \u00a0 \u00a0 \u00a0 \u00a0 \u00a0 \u00a0 \u00a0 \u00a0 \u00a0 \u00a0 \u00a0 \u00a0 \u00a0 \u00a0 \u00a0 \u00a0 \u00a0 \u00a0 \u00a0 \u00a0 \u00a0 \u00a0 \u00a0 \u00a0 \u00a0 \u00a0 \u00a0 \u00a0 \u00a0 \u00a0 \u00a0 \u00a0 \u00a0 \u00a0 \u00a0 \u00a050min.\u00a0 \u00a0 \u00a0 \u00a0 \u00a0 \u00a0 \u00a0 \u00a0 \u00a0 \u00a0 \u00a0 \u00a0 \u00a0 \u00a0 \u00a0 \u00a0 2800,-K\u010d<\/span><\/p>\n<p><span style=\"font-family: Helvetica; font-size: 12pt;\">Vak na procedury \u00a0 \u00a0 \u00a0 \u00a0 \u00a0 \u00a0 \u00a0 \u00a0 \u00a0 \u00a0 \u00a0 \u00a0 \u00a0 \u00a0 \u00a0 \u00a0 \u00a0 \u00a0 \u00a0 \u00a0 \u00a0 \u00a0 \u00a0 \u00a0 \u00a0 \u00a0 \u00a0 \u00a0 \u00a0 \u00a0 \u00a0 \u00a0 \u00a0 \u00a0 \u00a0 \u00a0 \u00a0 \u00a0 \u00a0 \u00a0 \u00a0 \u00a0 \u00a0 \u00a0 \u00a0 \u00a0 \u00a0 \u00a0 \u00a0 \u00a0 \u00a0 \u00a0 \u00a0 \u00a0 \u00a0100,-K\u010d<\/span><\/p>\n<p><span style=\"font-family: Helvetica; font-size: 12pt;\">Jednor\u00e1zov\u00fd ra\u0161elinov\u00fd z\u00e1bal \u00a0 \u00a0 \u00a0 \u00a0 \u00a0 \u00a0 \u00a0 \u00a0 \u00a0 \u00a0 \u00a0 \u00a0 \u00a0 \u00a0 \u00a0 \u00a0 \u00a0 \u00a0 \u00a0 \u00a0 \u00a0 \u00a0 30min.\u00a0 \u00a0 \u00a0 \u00a0 \u00a0 \u00a0 \u00a0 \u00a0 \u00a0 \u00a0 \u00a0 \u00a0 \u00a0 \u00a0 \u00a0 \u00a0 \u00a0300,-K\u010d<\/span><br \/>\n<span style=\"font-family: Helvetica; font-size: 12pt;\"> Jednor\u00e1zov\u00fd ra\u0161elinov\u00fd z\u00e1bal+mas\u00e1\u017e \u00a0 \u00a0 \u00a0 \u00a0 \u00a0 \u00a0 \u00a0 \u00a0 \u00a0 \u00a0 \u00a0 \u00a0 \u00a0 \u00a0 \u00a0 \u00a080min.\u00a0 \u00a0 \u00a0 \u00a0 \u00a0 \u00a0 \u00a0 \u00a0 \u00a0 \u00a0 \u00a0 \u00a0 \u00a0 \u00a0 \u00a0 \u00a0 \u00a0 950,-K\u010d<\/span><\/p>\n<p><span style=\"font-family: Helvetica;\"><span style=\"font-size: 16px;\"><b>\u00a0<\/b><\/span><\/span><strong>Konzulzace<\/strong>\u00a0 \u00a0 \u00a0 \u00a0 \u00a0 \u00a0 600,-K\u010d<\/p>\n<p><span style=\"font-family: Helvetica; font-size: 12pt;\"><strong>Cvi\u010den\u00ed:<\/strong><\/span><br \/>\n<span style=\"font-family: Helvetica; font-size: 12pt;\"> Spirit\u00e1ln\u00ed stabilizace\u00a0 \u00a0 \u00a0 \u00a0 \u00a0 \u00a0 \u00a0 \u00a0 \u00a0 \u00a0 \u00a0 \u00a0 \u00a0 \u00a0 \u00a0 \u00a0 \u00a0 \u00a0 \u00a0 \u00a0 \u00a0 \u00a0 \u00a0 \u00a0 \u00a0 \u00a0 \u00a0 \u00a0 \u00a0 \u00a0 \u00a060min.\u00a0 \u00a0 \u00a0 \u00a0 \u00a0 \u00a0 \u00a0 \u00a0 \u00a0 \u00a0 \u00a0 \u00a0 \u00a0 \u00a0 \u00a0 \u00a0 \u00a0 \u00a0130,-K\u010d<\/span><br \/>\n<span style=\"font-family: Helvetica; font-size: 12pt;\"> Cvi\u010den\u00ed na m\u00ed\u010di \u00a0 \u00a0 \u00a0 \u00a0 \u00a0 \u00a0 \u00a0 \u00a0 \u00a0 \u00a0 \u00a0 \u00a0 \u00a0 \u00a0 \u00a0 \u00a0 \u00a0 \u00a0 \u00a0 \u00a0 \u00a0 \u00a0 \u00a0 \u00a0 \u00a0 \u00a0 \u00a0 \u00a0 \u00a0 \u00a0 \u00a0 \u00a0 \u00a0 \u00a060min.\u00a0 \u00a0 \u00a0 \u00a0 \u00a0 \u00a0 \u00a0 \u00a0 \u00a0 \u00a0 \u00a0 \u00a0 \u00a0 \u00a0 \u00a0 \u00a0 \u00a0 \u00a0130,-K\u010d<\/span><\/p>\n<p><span style=\"font-size: 12pt;\">J\u00f3ga\u00a0 \u00a0 \u00a0 \u00a0 \u00a0 \u00a0 \u00a0 \u00a0 \u00a0 \u00a0 \u00a0 \u00a0 \u00a0 \u00a0 \u00a0 \u00a0 \u00a0 \u00a0 \u00a0 \u00a0 \u00a0 \u00a0 \u00a0 \u00a0 \u00a0 \u00a0 \u00a0 \u00a0 \u00a0 \u00a0 \u00a0 \u00a0 \u00a0 \u00a0 \u00a0 \u00a0 \u00a0 \u00a0 \u00a0 \u00a0 \u00a0 \u00a0 \u00a0 \u00a0 \u00a0 \u00a060min.\u00a0 \u00a0 \u00a0 \u00a0 \u00a0 \u00a0 \u00a0 \u00a0 \u00a0 \u00a0 \u00a0 \u00a0 \u00a0 \u00a0 \u00a0 \u00a0 \u00a0 \u00a0 \u00a0130,-K\u010d<\/span><\/p>\n<p><span style=\"font-family: Helvetica; font-size: 12pt;\">Individu\u00e1ln\u00ed lekce cvi\u010den\u00ed \u00a0 \u00a0 \u00a0 \u00a0 \u00a0 \u00a0 \u00a0 \u00a0 \u00a0 \u00a0 \u00a0 \u00a0 \u00a0 \u00a0 \u00a0 \u00a0 \u00a0 \u00a0 \u00a0 \u00a0 \u00a0 \u00a0 \u00a0 \u00a0 \u00a0 \u00a0 60min. \u00a0<\/span><span style=\"font-family: Helvetica; font-size: 12pt;\">\u00a0 \u00a0 \u00a0 \u00a0 \u00a0 \u00a0 \u00a0 \u00a0 \u00a0 \u00a0 \u00a0 \u00a0 \u00a0 \u00a0 \u00a0 \u00a0 \u00a0700,-K\u010d<\/span><\/p>\n<p><span style=\"font-family: Helvetica; font-size: 12pt;\"> (skupinov\u00e1 lekce je max. 5 lid\u00ed)<\/span><\/p>\n<p><span style=\"font-size: 12pt;\">D\u011btsk\u00e9 cvi\u010den\u00ed 95K\u010d\u00a0 \u00a0 \u00a0 \u00a0 \u00a0 \u00a0 \u00a0 \u00a0 \u00a0 \u00a0 \u00a0 \u00a0 \u00a0 \u00a0 \u00a0 \u00a0 \u00a0 \u00a0 \u00a0 \u00a0 \u00a0 \u00a0 \u00a0 \u00a0 \u00a0 \u00a0 \u00a0 \u00a0 \u00a0 \u00a045 min.<\/span><\/p>\n<p>Mo\u017enost zakoupen\u00ed darkov\u00e9ho poukazu. Na jakoukoliv mas\u00e1\u017e nebo cvi\u010den\u00ed.<\/p>\n","protected":false},"excerpt":{"rendered":"<p>Martina Novotn\u00e1 Klasick\u00e9 mas\u00e1\u017ee Z\u00e1da+\u0161\u00edje \u00a0 \u00a0 \u00a0 \u00a0 \u00a0 \u00a0 \u00a0 \u00a0 \u00a0 \u00a0 \u00a0 \u00a0 \u00a0 \u00a0 \u00a0 \u00a0 \u00a0 \u00a0 \u00a0 \u00a0 \u00a0 \u00a0 \u00a0 \u00a0 \u00a0 \u00a0 \u00a0 \u00a0 \u00a0 \u00a0 \u00a0 \u00a0 \u00a0 \u00a0 \u00a0 \u00a050min.\u00a0 \u00a0 \u00a0 \u00a0 \u00a0 \u00a0 \u00a0 \u00a0 \u00a0 \u00a0 \u00a0 \u00a0 \u00a0 \u00a0 \u00a0 &hellip; <a href=\"http:\/\/www.relax-rodinne-centrum.cz\/?page_id=36\" class=\"more-link\">Pokra\u010dov\u00e1n\u00ed textu <span class=\"screen-reader-text\">Cen\u00edk<\/span> <span class=\"meta-nav\">&rarr;<\/span><\/a><\/p>\n","protected":false},"author":3,"featured_media":0,"parent":0,"menu_order":3,"comment_status":"closed","ping_status":"closed","template":"","meta":{"footnotes":""},"_links":{"self":[{"href":"http:\/\/www.relax-rodinne-centrum.cz\/index.php?rest_route=\/wp\/v2\/pages\/36"}],"collection":[{"href":"http:\/\/www.relax-rodinne-centrum.cz\/index.php?rest_route=\/wp\/v2\/pages"}],"about":[{"href":"http:\/\/www.relax-rodinne-centrum.cz\/index.php?rest_route=\/wp\/v2\/types\/page"}],"author":[{"embeddable":true,"href":"http:\/\/www.relax-rodinne-centrum.cz\/index.php?rest_route=\/wp\/v2\/users\/3"}],"replies":[{"embeddable":true,"href":"http:\/\/www.relax-rodinne-centrum.cz\/index.php?rest_route=%2Fwp%2Fv2%2Fcomments&post=36"}],"version-history":[{"count":55,"href":"http:\/\/www.relax-rodinne-centrum.cz\/index.php?rest_route=\/wp\/v2\/pages\/36\/revisions"}],"predecessor-version":[{"id":12142,"href":"http:\/\/www.relax-rodinne-centrum.cz\/index.php?rest_route=\/wp\/v2\/pages\/36\/revisions\/12142"}],"wp:attachment":[{"href":"http:\/\/www.relax-rodinne-centrum.cz\/index.php?rest_route=%2Fwp%2Fv2%2Fmedia&parent=36"}],"curies":[{"name":"wp","href":"https:\/\/api.w.org\/{rel}","templated":true}]}}