{"id":1932,"date":"2015-10-17T20:37:49","date_gmt":"2015-10-17T19:37:49","guid":{"rendered":"http:\/\/www.relax-rodinne-centrum.cz\/?page_id=1932"},"modified":"2024-01-16T10:18:12","modified_gmt":"2024-01-16T09:18:12","slug":"masaze-2","status":"publish","type":"page","link":"http:\/\/www.relax-rodinne-centrum.cz\/?page_id=1932","title":{"rendered":"Mas\u00e1\u017ee"},"content":{"rendered":"\n<figure class=\"wp-block-image size-full\"><a href=\"http:\/\/www.relax-rodinne-centrum.cz\/wp-content\/uploads\/2024\/01\/masaze.png\"><img fetchpriority=\"high\" decoding=\"async\" width=\"254\" height=\"198\" src=\"http:\/\/www.relax-rodinne-centrum.cz\/wp-content\/uploads\/2024\/01\/masaze.png\" alt=\"\" class=\"wp-image-12074\"\/><\/a><\/figure>\n\n\n\n<p class=\"has-text-align-left\">Tlakov\u00e9 mas\u00e1\u017ee<\/p>\n\n\n\n<p class=\"has-text-align-left\">Lymfatick\u00e9 mas\u00e1\u017ee<\/p>\n\n\n\n<p class=\"has-text-align-left\">Reiky<\/p>\n\n\n\n<p class=\"has-text-align-left\"><\/p>\n","protected":false},"excerpt":{"rendered":"<p>Tlakov\u00e9 mas\u00e1\u017ee Lymfatick\u00e9 mas\u00e1\u017ee Reiky<\/p>\n","protected":false},"author":2,"featured_media":0,"parent":0,"menu_order":0,"comment_status":"closed","ping_status":"closed","template":"","meta":{"footnotes":""},"_links":{"self":[{"href":"http:\/\/www.relax-rodinne-centrum.cz\/index.php?rest_route=\/wp\/v2\/pages\/1932"}],"collection":[{"href":"http:\/\/www.relax-rodinne-centrum.cz\/index.php?rest_route=\/wp\/v2\/pages"}],"about":[{"href":"http:\/\/www.relax-rodinne-centrum.cz\/index.php?rest_route=\/wp\/v2\/types\/page"}],"author":[{"embeddable":true,"href":"http:\/\/www.relax-rodinne-centrum.cz\/index.php?rest_route=\/wp\/v2\/users\/2"}],"replies":[{"embeddable":true,"href":"http:\/\/www.relax-rodinne-centrum.cz\/index.php?rest_route=%2Fwp%2Fv2%2Fcomments&post=1932"}],"version-history":[{"count":2,"href":"http:\/\/www.relax-rodinne-centrum.cz\/index.php?rest_route=\/wp\/v2\/pages\/1932\/revisions"}],"predecessor-version":[{"id":12075,"href":"http:\/\/www.relax-rodinne-centrum.cz\/index.php?rest_route=\/wp\/v2\/pages\/1932\/revisions\/12075"}],"wp:attachment":[{"href":"http:\/\/www.relax-rodinne-centrum.cz\/index.php?rest_route=%2Fwp%2Fv2%2Fmedia&parent=1932"}],"curies":[{"name":"wp","href":"https:\/\/api.w.org\/{rel}","templated":true}]}}