{"id":1413,"date":"2015-08-27T11:29:20","date_gmt":"2015-08-27T10:29:20","guid":{"rendered":"http:\/\/www.relax-rodinne-centrum.cz\/?page_id=1413"},"modified":"2015-10-20T22:06:03","modified_gmt":"2015-10-20T21:06:03","slug":"psychosomaticka-cviceni-2","status":"publish","type":"page","link":"http:\/\/www.relax-rodinne-centrum.cz\/?page_id=1413","title":{"rendered":"Alternativn\u00ed metody"},"content":{"rendered":"<h2 class=\"title-img2\" style=\"text-align: left;\"><a href=\"http:\/\/www.relax-rodinne-centrum.cz\/wp-content\/uploads\/2015\/08\/cakry.jpg\"><img decoding=\"async\" class=\"alignnone size-medium wp-image-1346\" src=\"http:\/\/www.relax-rodinne-centrum.cz\/wp-content\/uploads\/2015\/08\/cakry-300x113.jpg\" alt=\"cakry\" width=\"300\" height=\"113\" srcset=\"http:\/\/www.relax-rodinne-centrum.cz\/wp-content\/uploads\/2015\/08\/cakry-300x113.jpg 300w, http:\/\/www.relax-rodinne-centrum.cz\/wp-content\/uploads\/2015\/08\/cakry-676x254.jpg 676w, http:\/\/www.relax-rodinne-centrum.cz\/wp-content\/uploads\/2015\/08\/cakry.jpg 900w\" sizes=\"(max-width: 300px) 100vw, 300px\" \/><\/a><\/h2>\n<h2 class=\"title-img2\" style=\"text-align: left;\"><em><strong>Duchovn\u00ed slu\u017eby:<\/strong><\/em><\/h2>\n<div class=\"col-1\">\n<p><strong><span style=\"color: #444444;\"><span style=\"font-family: Arial, sans-serif;\"><span style=\"font-size: small;\">\u010ci\u0161t\u011bn\u00ed Plazmy<\/span><\/span><\/span><\/strong><\/p>\n<p><strong><span style=\"color: #444444;\"><span style=\"font-family: Arial, sans-serif;\"><span style=\"font-size: small;\">Reiky<\/span><\/span><\/span><\/strong><\/p>\n<p><strong><span style=\"color: #444444;\"><span style=\"font-family: Arial, sans-serif;\"><span style=\"font-size: small;\">Egyptsk\u00e9 l\u00e9\u010debn\u00e9 energie Boha Anubise<\/span><\/span><\/span><\/strong><\/p>\n<p><strong><span style=\"color: #444444;\"><span style=\"font-family: Arial, sans-serif;\"><span style=\"font-size: small;\">Luz Mortare, Nocturno Mortale \u2013 \u010di\u0161t\u011bn\u00ed proklet\u00ed, u\u0159knut\u00ed a uhranut\u00ed<\/span><\/span><\/span><\/strong><\/p>\n<\/div>\n<p><strong>Egyptsk\u00e9 l\u00e9\u010debn\u00e9 energie Boha Anubise<\/strong><\/p>\n<p>Jeho v\u00fdznam je velmi nadrozm\u011brn\u00fd, dosahoval a dosahuje nad r\u00e1mec Multidimenzionality \u00a0\u2026\u2026\u00a0 daleko a vysoko za hranice na\u0161eho v\u011bdom\u00ed.<\/p>\n<p>B\u016fh Anubis m\u016f\u017ee posunout Va\u0161e my\u0161len\u00ed do jin\u00fdch rozm\u011br\u016f a parametr\u016f, kter\u00e9 budou m\u00edt p\u0159\u00edmou souvzta\u017enost s\u00a0Va\u0161\u00ed osobnost\u00ed, Du\u0161\u00ed a z\u00e1m\u011bry, kter\u00e9 ve Va\u0161\u00ed inkarnaci m\u00e1te. V\u017edy tady bude z\u00e1le\u017eet\u00a0na \u00farovni Va\u0161\u00ed Du\u0161e, kter\u00e1 zaji\u0161\u0165uje vn\u00edm\u00e1n\u00ed Sv\u011btla, \u010dili Dimenze, ve kter\u00e9 se tady a te\u010f nach\u00e1z\u00edme.\u00a0Egyptsk\u00e9 energie Boha Anubise n\u00e1m pom\u00e1haj\u00ed v\u0161ude tam, kde se na n\u011bkter\u00e9 z\u00a0rovin na\u0161eho vn\u00edm\u00e1n\u00ed c\u00edt\u00edme ztraceni a jsme ovl\u00e1d\u00e1ni strachem \u010di bolest\u00ed.\u00a0V\u00a0okam\u017eiku, kdy p\u0159ich\u00e1z\u00edme o sv\u00e9 bl\u00edzk\u00e9, kter\u00e9 jsme velmi milovali ( \u00famrt\u00ed, rozvod, odlou\u010den\u00ed\u2026)<\/p>\n<p>Ve chv\u00edl\u00edch, kdy jsme nuceni b\u00fdt p\u0159\u00edtomni utrpen\u00ed druh\u00fdch, nebo kdy jsme my sami vystaveni z\u00e1va\u017en\u00e9 nemoci \u010di jin\u00e9mu tr\u00e1pen\u00ed fyzick\u00e9mu, emocion\u00e1ln\u00edmu, ment\u00e1ln\u00edmu \u010di duchovn\u00edmu.<\/p>\n<p>Pom\u016f\u017ee n\u00e1m naj\u00edt Pravdu, odpov\u011bdi na ot\u00e1zky, t\u00fdkaj\u00edc\u00ed se kl\u00ed\u010dov\u00fdch ud\u00e1lost\u00ed na\u0161eho \u017eivota. V\u0161e p\u0159esn\u011b souzn\u00ed se z\u00e1m\u011brem na\u0161\u00ed Du\u0161e.<\/p>\n<hr \/>\n<p>&nbsp;<\/p>\n<p><strong>\u010ci\u0161t\u011bn\u00ed Plazmy<\/strong><\/p>\n<p>Vysoko vibra\u010dn\u00ed l\u00e9\u010den\u00ed \u00a0PLAZMA FLUSH.<\/p>\n<p>Cel\u00e1 na\u0161e existence, cel\u00e9 na\u0161e stvo\u0159en\u00ed , to v\u00a0\u010dem se nach\u00e1z\u00edme, je zalo\u017eeno na fyzice a fyzik\u00e1ln\u00edch z\u00e1konech. Pr\u00e1v\u011b fyzika je zp\u016fsobem vyj\u00e1d\u0159en\u00ed t\u00e9to reality. Je projevem toho, jak v\u011bci v\u00a0na\u0161\u00ed realit\u011b funguj\u00ed. \u00a0A pro mnoho z\u00a0n\u00e1s je to zp\u016fsob, jak pochopit principy a z\u00e1konitosti stvo\u0159en\u00ed. Je to na\u0161e cesta.Vych\u00e1z\u00edme-li z\u00a0fyzik\u00e1ln\u00edch pravidel, je\u017e plat\u00ed v\u00a0Universu, ve Vesm\u00edru, v\u00a0jednotliv\u00fdch galaxi\u00edch, Slune\u010dn\u00ed soustav\u011b\u2026. \u00a0Zam\u011b\u0159\u00edme-li se na jejich v\u00fdzkum, uv\u011bdom\u00edme si, \u017ee tyt\u00e9\u017e souvzta\u017enosti a z\u00e1sady<\/p>\n<p>plat\u00ed tak\u00e9 v \u017eivot\u011b kolem n\u00e1s. Ka\u017ed\u00fd z\u00a0n\u00e1s je soukrom\u00fdm vesm\u00edrem, ka\u017ed\u00fd \u010dlov\u011bk jest s\u00e1m sob\u011b galaxi\u00ed, stejn\u011b tak ka\u017ed\u00e1 bu\u0148ka jeho t\u011bla.<\/p>\n<p>Co je PLAZMA?\u00a0PLAZMA je sou\u010d\u00e1st\u00ed na\u0161ich neviditeln\u00fdch t\u011bl, na\u0161ich energetick\u00fdch obal\u016f, zvan\u00fdch aura a zodpov\u00edd\u00e1 p\u0159\u00edmo za na\u0161e zdrav\u00ed a imunitn\u00ed syst\u00e9m. Na PLAZM\u011a se projevuj\u00ed ve\u0161ker\u00e1 onemocn\u011bn\u00ed, kter\u00e1 jsou projevenou sou\u010d\u00e1st\u00ed v\u00a0na\u0161em \u017eivot\u011b. A to ve v\u0161ech sm\u011brech, kter\u00e9 m\u016f\u017eeme zaznamenat na fyzick\u00e9 rovin\u011b.<\/p>\n<p>PLAZMA je v\u00a0p\u0159ekladu \u00a0sv\u011btlo. \u00a0Je to energetick\u00fd obal. Tento obal se skl\u00e1d\u00e1 z neutron\u016f, proton\u016f a elektron\u016f. PLAZMA je speci\u00e1ln\u00edm zdrojem energie, pomoc\u00ed n\u00ed\u017e lze chr\u00e1nit a udr\u017eovat na\u0161e zdrav\u00ed a imunitn\u00ed syst\u00e9m.<\/p>\n<p>Av\u0161ak nejen to, PLAZMA je tak\u00e9 vyjme\u010dn\u00fdm zdrojem informac\u00ed a moudrosti.<\/p>\n<p>PLAZMA FLUSH je v\u00a0p\u0159ekladu l\u00e9\u010den\u00ed, proz\u00e1\u0159en\u00ed, vy\u010di\u0161t\u011bn\u00ed a do\u010di\u0161t\u011bn\u00ed pomoc\u00ed sv\u011btla a zv\u00fd\u0161en\u00ed\u00a0 vibrac\u00ed sv\u011btla, \u010dili PLAZMY na na\u0161ich auryck\u00fdch syst\u00e9mech, zv\u00fd\u0161en\u00ed kmito\u010dtu elektron\u016f, proton\u016f a neutron\u016f v\u00a0na\u0161em energetick\u00e9m obalu, kde se mimo jin\u00e9 ukl\u00e1daj\u00ed na\u0161e onemocn\u011bn\u00ed , a to na v\u0161ech \u00farovn\u00edch. \u010cili na \u00farovni \u00e9terick\u00e9ho, emocion\u00e1ln\u00edho, ment\u00e1ln\u00edho a duchovn\u00edho t\u011bla.<\/p>\n<p>PLAZMA jako sv\u011bteln\u00e1 energie p\u0159ich\u00e1z\u00ed do na\u0161ich t\u011bl prost\u0159ednictv\u00edm MER-KA-BY. MER-KA-BA je otiskem na\u0161\u00ed DNA, je vchodem do interdimenzion\u00e1ln\u00edch syst\u00e9m\u016f.Samoz\u0159ejm\u011b tak\u00e9 MER-KA-BA, stejn\u011b jako v\u0161e v\u00a0n\u00e1s a kolem n\u00e1s pracuje dle pravidel a z\u00e1konitost\u00ed fyziky.<\/p>\n<p>PLAZMA ur\u010duje na\u0161e zdrav\u00ed, vibrace a duchovn\u00ed v\u00fdvoj, \u010di\u0161t\u011bn\u00ed \u00a0PLAZMY zved\u00e1 \u00farove\u0148 v\u011bdom\u00ed du\u0161e, tato \u00farove\u0148 je velice d\u016fle\u017eit\u00e1 k\u00a0tomu, \u00a0abychom v\u011bd\u011bli t\u00e9mata sv\u00e9 du\u0161e. Co se m\u011bn\u00ed na \u00farovni Plazmy, m\u011bn\u00ed se na fyzick\u00e9 \u00farovni.<\/p>\n<hr \/>\n<p>&nbsp;<\/p>\n<p><a href=\"http:\/\/www.relax-rodinne-centrum.cz\/wp-content\/uploads\/2015\/08\/cakry-2.png\"><img fetchpriority=\"high\" decoding=\"async\" class=\"alignnone  wp-image-1347\" src=\"http:\/\/www.relax-rodinne-centrum.cz\/wp-content\/uploads\/2015\/08\/cakry-2-164x300.png\" alt=\"cakry 2\" width=\"280\" height=\"511\" \/><\/a><\/p>\n","protected":false},"excerpt":{"rendered":"<p>Duchovn\u00ed slu\u017eby: \u010ci\u0161t\u011bn\u00ed Plazmy Reiky Egyptsk\u00e9 l\u00e9\u010debn\u00e9 energie Boha Anubise Luz Mortare, Nocturno Mortale \u2013 \u010di\u0161t\u011bn\u00ed proklet\u00ed, u\u0159knut\u00ed a uhranut\u00ed Egyptsk\u00e9 l\u00e9\u010debn\u00e9 energie Boha Anubise Jeho v\u00fdznam je velmi nadrozm\u011brn\u00fd, dosahoval a dosahuje nad r\u00e1mec Multidimenzionality \u00a0\u2026\u2026\u00a0 daleko a vysoko za hranice na\u0161eho v\u011bdom\u00ed. B\u016fh Anubis m\u016f\u017ee posunout Va\u0161e my\u0161len\u00ed do jin\u00fdch rozm\u011br\u016f a parametr\u016f, &hellip; <a href=\"http:\/\/www.relax-rodinne-centrum.cz\/?page_id=1413\" class=\"more-link\">Pokra\u010dov\u00e1n\u00ed textu <span class=\"screen-reader-text\">Alternativn\u00ed metody<\/span> <span class=\"meta-nav\">&rarr;<\/span><\/a><\/p>\n","protected":false},"author":2,"featured_media":0,"parent":0,"menu_order":0,"comment_status":"closed","ping_status":"closed","template":"","meta":{"footnotes":""},"_links":{"self":[{"href":"http:\/\/www.relax-rodinne-centrum.cz\/index.php?rest_route=\/wp\/v2\/pages\/1413"}],"collection":[{"href":"http:\/\/www.relax-rodinne-centrum.cz\/index.php?rest_route=\/wp\/v2\/pages"}],"about":[{"href":"http:\/\/www.relax-rodinne-centrum.cz\/index.php?rest_route=\/wp\/v2\/types\/page"}],"author":[{"embeddable":true,"href":"http:\/\/www.relax-rodinne-centrum.cz\/index.php?rest_route=\/wp\/v2\/users\/2"}],"replies":[{"embeddable":true,"href":"http:\/\/www.relax-rodinne-centrum.cz\/index.php?rest_route=%2Fwp%2Fv2%2Fcomments&post=1413"}],"version-history":[{"count":24,"href":"http:\/\/www.relax-rodinne-centrum.cz\/index.php?rest_route=\/wp\/v2\/pages\/1413\/revisions"}],"predecessor-version":[{"id":2018,"href":"http:\/\/www.relax-rodinne-centrum.cz\/index.php?rest_route=\/wp\/v2\/pages\/1413\/revisions\/2018"}],"wp:attachment":[{"href":"http:\/\/www.relax-rodinne-centrum.cz\/index.php?rest_route=%2Fwp%2Fv2%2Fmedia&parent=1413"}],"curies":[{"name":"wp","href":"https:\/\/api.w.org\/{rel}","templated":true}]}}